{"id":1098,"date":"2024-10-21T19:48:56","date_gmt":"2024-10-21T17:48:56","guid":{"rendered":"https:\/\/ecole-val-saint-andre.fr\/contact\/"},"modified":"2025-07-31T20:00:29","modified_gmt":"2025-07-31T18:00:29","slug":"contact","status":"publish","type":"page","link":"https:\/\/ecole-val-saint-andre.fr\/en\/contact\/","title":{"rendered":"Contact"},"content":{"rendered":"<div id=\"pl-1098\"  class=\"panel-layout\" ><div id=\"pg-1098-0\"  class=\"panel-grid panel-no-style\" ><div id=\"pgc-1098-0-0\"  class=\"panel-grid-cell\" ><div id=\"panel-1098-0-0-0\" class=\"so-panel widget widget_sow-editor panel-first-child\" data-index=\"0\" ><div\n\t\t\t\n\t\t\tclass=\"so-widget-sow-editor so-widget-sow-editor-base\"\n\t\t\t\n\t\t><h3 class=\"widget-title\">Direction:<\/h3>\n<div class=\"siteorigin-widget-tinymce textwidget\">\n\t<p style=\"text-align: center;\">Madame Joelle Guinde-Robinson<br \/>Madame Emily Saint John Robinson<\/p>\n<\/div>\n<\/div><\/div><div id=\"panel-1098-0-0-1\" class=\"so-panel widget widget_sow-editor\" data-index=\"1\" ><div\n\t\t\t\n\t\t\tclass=\"so-widget-sow-editor so-widget-sow-editor-base\"\n\t\t\t\n\t\t><h3 class=\"widget-title\">Address:<\/h3>\n<div class=\"siteorigin-widget-tinymce textwidget\">\n\t<p style=\"text-align: center;\">19, Av Henri Malacrida<br \/>13100 AIX-EN-PROVENCE<\/p>\n<\/div>\n<\/div><\/div><div id=\"panel-1098-0-0-2\" class=\"so-panel widget widget_sow-editor panel-last-child\" data-index=\"2\" ><div\n\t\t\t\n\t\t\tclass=\"so-widget-sow-editor so-widget-sow-editor-base\"\n\t\t\t\n\t\t>\n<div class=\"siteorigin-widget-tinymce textwidget\">\n\t<p style=\"text-align: center;\">Email: <a href=\"mailto:ecolevsa@hotmail.fr\" target=\"_blank\" rel=\"noopener\">ecolevsa@hotmail.fr<\/a><br \/>\nPhone : <a href=\"tel:+33442271447\" target=\"_blank\" rel=\"noopener\">+33 442 271 447<\/a><\/p>\n<\/div>\n<\/div><\/div><\/div><div id=\"pgc-1098-0-1\"  class=\"panel-grid-cell\" ><div id=\"panel-1098-0-1-0\" class=\"so-panel widget widget_sow-editor panel-first-child panel-last-child\" data-index=\"3\" ><div\n\t\t\t\n\t\t\tclass=\"so-widget-sow-editor so-widget-sow-editor-base\"\n\t\t\t\n\t\t><h3 class=\"widget-title\">To contact us:<\/h3>\n<div class=\"siteorigin-widget-tinymce textwidget\">\n\t\n<div class=\"wpcf7 no-js\" id=\"wpcf7-f1613-o1\" lang=\"fr-FR\" dir=\"ltr\" data-wpcf7-id=\"1613\">\n<div class=\"screen-reader-response\"><p role=\"status\" aria-live=\"polite\" aria-atomic=\"true\"><\/p> <ul><\/ul><\/div>\n<form action=\"\/en\/wp-json\/wp\/v2\/pages\/1098#wpcf7-f1613-o1\" method=\"post\" class=\"wpcf7-form init\" aria-label=\"Formulaire de contact\" novalidate=\"novalidate\" data-status=\"init\">\n<fieldset class=\"hidden-fields-container\"><input type=\"hidden\" name=\"_wpcf7\" value=\"1613\" \/><input type=\"hidden\" name=\"_wpcf7_version\" value=\"6.1.5\" \/><input type=\"hidden\" name=\"_wpcf7_locale\" value=\"fr_FR\" \/><input type=\"hidden\" name=\"_wpcf7_unit_tag\" value=\"wpcf7-f1613-o1\" \/><input type=\"hidden\" name=\"_wpcf7_container_post\" value=\"0\" \/><input type=\"hidden\" name=\"_wpcf7_posted_data_hash\" value=\"\" \/><input type=\"hidden\" name=\"_wpcf7_recaptcha_response\" value=\"\" \/>\n<\/fieldset>\n<p><label> Name*<br \/>\n<span class=\"wpcf7-form-control-wrap\" data-name=\"your-name\"><input size=\"40\" maxlength=\"400\" class=\"wpcf7-form-control wpcf7-text wpcf7-validates-as-required\" autocomplete=\"name\" aria-required=\"true\" aria-invalid=\"false\" value=\"\" type=\"text\" name=\"your-name\" \/><\/span> <\/label>\n<\/p>\n<p><label> Email*<br \/>\n<span class=\"wpcf7-form-control-wrap\" data-name=\"your-email\"><input size=\"40\" maxlength=\"400\" class=\"wpcf7-form-control wpcf7-email wpcf7-validates-as-required wpcf7-text wpcf7-validates-as-email\" autocomplete=\"email\" aria-required=\"true\" aria-invalid=\"false\" value=\"\" type=\"email\" name=\"your-email\" \/><\/span> <\/label>\n<\/p>\n<p><label> Phone number*<br \/>\n<span class=\"wpcf7-form-control-wrap\" data-name=\"tel-763\"><input size=\"40\" maxlength=\"400\" class=\"wpcf7-form-control wpcf7-tel wpcf7-validates-as-required wpcf7-text wpcf7-validates-as-tel\" aria-required=\"true\" aria-invalid=\"false\" value=\"\" type=\"tel\" name=\"tel-763\" \/><\/span> <\/label>\n<\/p>\n<p><label> Subject*<br \/>\n<span class=\"wpcf7-form-control-wrap\" data-name=\"your-subject\"><input size=\"40\" maxlength=\"400\" class=\"wpcf7-form-control wpcf7-text wpcf7-validates-as-required\" aria-required=\"true\" aria-invalid=\"false\" value=\"\" type=\"text\" name=\"your-subject\" \/><\/span> <\/label>\n<\/p>\n<p><label> Message*<br \/>\n<span class=\"wpcf7-form-control-wrap\" data-name=\"your-message\"><textarea cols=\"40\" rows=\"10\" maxlength=\"2000\" class=\"wpcf7-form-control wpcf7-textarea wpcf7-validates-as-required\" aria-required=\"true\" aria-invalid=\"false\" name=\"your-message\"><\/textarea><\/span> <\/label>\n<\/p>\n<p>* = Mandatory fields\n<\/p>\n<p><input class=\"wpcf7-form-control wpcf7-submit has-spinner\" type=\"submit\" value=\"Send\" \/>\n<\/p><div class=\"wpcf7-response-output\" aria-hidden=\"true\"><\/div>\n<\/form>\n<\/div>\n\n<\/div>\n<\/div><\/div><\/div><\/div><\/div>","protected":false},"excerpt":{"rendered":"<p>Madame Joelle Guinde-RobinsonMadame Emily Saint John Robinson 19, Av Henri Malacrida13100 AIX-EN-PROVENCE Email: ecolevsa@hotmail.fr Phone : +33 442 271 447<\/p>\n","protected":false},"author":3,"featured_media":0,"parent":0,"menu_order":5,"comment_status":"closed","ping_status":"closed","template":"","meta":{"footnotes":""},"class_list":["post-1098","page","type-page","status-publish","hentry","post"],"yoast_head":"<!-- This site is optimized with the Yoast SEO plugin v27.3 - https:\/\/yoast.com\/product\/yoast-seo-wordpress\/ -->\n<title>Contact - \u00c9cole Priv\u00e9 Val Saint Andr\u00e9<\/title>\n<meta name=\"robots\" content=\"index, follow, max-snippet:-1, max-image-preview:large, max-video-preview:-1\" \/>\n<link rel=\"canonical\" href=\"https:\/\/ecole-val-saint-andre.fr\/en\/contact\/\" \/>\n<meta property=\"og:locale\" content=\"en_US\" \/>\n<meta property=\"og:type\" content=\"article\" \/>\n<meta property=\"og:title\" content=\"Contact - \u00c9cole Priv\u00e9 Val Saint Andr\u00e9\" \/>\n<meta property=\"og:description\" content=\"Madame Joelle Guinde-RobinsonMadame Emily Saint John Robinson 19, Av Henri Malacrida13100 AIX-EN-PROVENCE Email: ecolevsa@hotmail.fr Phone : +33 442 271 447\" \/>\n<meta property=\"og:url\" content=\"https:\/\/ecole-val-saint-andre.fr\/en\/contact\/\" \/>\n<meta property=\"og:site_name\" content=\"\u00c9cole Priv\u00e9 Val Saint Andr\u00e9\" \/>\n<meta property=\"article:modified_time\" content=\"2025-07-31T18:00:29+00:00\" \/>\n<meta name=\"twitter:card\" content=\"summary_large_image\" \/>\n<meta name=\"twitter:label1\" content=\"Est. reading time\" \/>\n\t<meta name=\"twitter:data1\" content=\"1 minute\" \/>\n<script type=\"application\/ld+json\" class=\"yoast-schema-graph\">{\"@context\":\"https:\\\/\\\/schema.org\",\"@graph\":[{\"@type\":\"WebPage\",\"@id\":\"https:\\\/\\\/ecole-val-saint-andre.fr\\\/en\\\/contact\\\/\",\"url\":\"https:\\\/\\\/ecole-val-saint-andre.fr\\\/en\\\/contact\\\/\",\"name\":\"Contact - \u00c9cole Priv\u00e9 Val Saint Andr\u00e9\",\"isPartOf\":{\"@id\":\"https:\\\/\\\/ecole-val-saint-andre.fr\\\/en\\\/#website\"},\"datePublished\":\"2024-10-21T17:48:56+00:00\",\"dateModified\":\"2025-07-31T18:00:29+00:00\",\"breadcrumb\":{\"@id\":\"https:\\\/\\\/ecole-val-saint-andre.fr\\\/en\\\/contact\\\/#breadcrumb\"},\"inLanguage\":\"en-US\",\"potentialAction\":[{\"@type\":\"ReadAction\",\"target\":[\"https:\\\/\\\/ecole-val-saint-andre.fr\\\/en\\\/contact\\\/\"]}]},{\"@type\":\"BreadcrumbList\",\"@id\":\"https:\\\/\\\/ecole-val-saint-andre.fr\\\/en\\\/contact\\\/#breadcrumb\",\"itemListElement\":[{\"@type\":\"ListItem\",\"position\":1,\"name\":\"Accueil\",\"item\":\"https:\\\/\\\/ecole-val-saint-andre.fr\\\/en\\\/\"},{\"@type\":\"ListItem\",\"position\":2,\"name\":\"Contact\"}]},{\"@type\":\"WebSite\",\"@id\":\"https:\\\/\\\/ecole-val-saint-andre.fr\\\/en\\\/#website\",\"url\":\"https:\\\/\\\/ecole-val-saint-andre.fr\\\/en\\\/\",\"name\":\"\u00c9cole Priv\u00e9 Val Saint Andr\u00e9\",\"description\":\"\",\"publisher\":{\"@id\":\"https:\\\/\\\/ecole-val-saint-andre.fr\\\/en\\\/#organization\"},\"potentialAction\":[{\"@type\":\"SearchAction\",\"target\":{\"@type\":\"EntryPoint\",\"urlTemplate\":\"https:\\\/\\\/ecole-val-saint-andre.fr\\\/en\\\/?s={search_term_string}\"},\"query-input\":{\"@type\":\"PropertyValueSpecification\",\"valueRequired\":true,\"valueName\":\"search_term_string\"}}],\"inLanguage\":\"en-US\"},{\"@type\":\"Organization\",\"@id\":\"https:\\\/\\\/ecole-val-saint-andre.fr\\\/en\\\/#organization\",\"name\":\"\u00c9cole Priv\u00e9 Val Saint Andr\u00e9\",\"url\":\"https:\\\/\\\/ecole-val-saint-andre.fr\\\/en\\\/\",\"logo\":{\"@type\":\"ImageObject\",\"inLanguage\":\"en-US\",\"@id\":\"https:\\\/\\\/ecole-val-saint-andre.fr\\\/en\\\/#\\\/schema\\\/logo\\\/image\\\/\",\"url\":\"https:\\\/\\\/i0.wp.com\\\/ecole-val-saint-andre.fr\\\/wp-content\\\/uploads\\\/2021\\\/04\\\/logo.png?fit=200%2C165&ssl=1\",\"contentUrl\":\"https:\\\/\\\/i0.wp.com\\\/ecole-val-saint-andre.fr\\\/wp-content\\\/uploads\\\/2021\\\/04\\\/logo.png?fit=200%2C165&ssl=1\",\"width\":200,\"height\":165,\"caption\":\"\u00c9cole Priv\u00e9 Val Saint Andr\u00e9\"},\"image\":{\"@id\":\"https:\\\/\\\/ecole-val-saint-andre.fr\\\/en\\\/#\\\/schema\\\/logo\\\/image\\\/\"}}]}<\/script>\n<!-- \/ Yoast SEO plugin. -->","yoast_head_json":{"title":"Contact - \u00c9cole Priv\u00e9 Val Saint Andr\u00e9","robots":{"index":"index","follow":"follow","max-snippet":"max-snippet:-1","max-image-preview":"max-image-preview:large","max-video-preview":"max-video-preview:-1"},"canonical":"https:\/\/ecole-val-saint-andre.fr\/en\/contact\/","og_locale":"en_US","og_type":"article","og_title":"Contact - \u00c9cole Priv\u00e9 Val Saint Andr\u00e9","og_description":"Madame Joelle Guinde-RobinsonMadame Emily Saint John Robinson 19, Av Henri Malacrida13100 AIX-EN-PROVENCE Email: ecolevsa@hotmail.fr Phone : +33 442 271 447","og_url":"https:\/\/ecole-val-saint-andre.fr\/en\/contact\/","og_site_name":"\u00c9cole Priv\u00e9 Val Saint Andr\u00e9","article_modified_time":"2025-07-31T18:00:29+00:00","twitter_card":"summary_large_image","twitter_misc":{"Est. reading time":"1 minute"},"schema":{"@context":"https:\/\/schema.org","@graph":[{"@type":"WebPage","@id":"https:\/\/ecole-val-saint-andre.fr\/en\/contact\/","url":"https:\/\/ecole-val-saint-andre.fr\/en\/contact\/","name":"Contact - \u00c9cole Priv\u00e9 Val Saint Andr\u00e9","isPartOf":{"@id":"https:\/\/ecole-val-saint-andre.fr\/en\/#website"},"datePublished":"2024-10-21T17:48:56+00:00","dateModified":"2025-07-31T18:00:29+00:00","breadcrumb":{"@id":"https:\/\/ecole-val-saint-andre.fr\/en\/contact\/#breadcrumb"},"inLanguage":"en-US","potentialAction":[{"@type":"ReadAction","target":["https:\/\/ecole-val-saint-andre.fr\/en\/contact\/"]}]},{"@type":"BreadcrumbList","@id":"https:\/\/ecole-val-saint-andre.fr\/en\/contact\/#breadcrumb","itemListElement":[{"@type":"ListItem","position":1,"name":"Accueil","item":"https:\/\/ecole-val-saint-andre.fr\/en\/"},{"@type":"ListItem","position":2,"name":"Contact"}]},{"@type":"WebSite","@id":"https:\/\/ecole-val-saint-andre.fr\/en\/#website","url":"https:\/\/ecole-val-saint-andre.fr\/en\/","name":"\u00c9cole Priv\u00e9 Val Saint Andr\u00e9","description":"","publisher":{"@id":"https:\/\/ecole-val-saint-andre.fr\/en\/#organization"},"potentialAction":[{"@type":"SearchAction","target":{"@type":"EntryPoint","urlTemplate":"https:\/\/ecole-val-saint-andre.fr\/en\/?s={search_term_string}"},"query-input":{"@type":"PropertyValueSpecification","valueRequired":true,"valueName":"search_term_string"}}],"inLanguage":"en-US"},{"@type":"Organization","@id":"https:\/\/ecole-val-saint-andre.fr\/en\/#organization","name":"\u00c9cole Priv\u00e9 Val Saint Andr\u00e9","url":"https:\/\/ecole-val-saint-andre.fr\/en\/","logo":{"@type":"ImageObject","inLanguage":"en-US","@id":"https:\/\/ecole-val-saint-andre.fr\/en\/#\/schema\/logo\/image\/","url":"https:\/\/i0.wp.com\/ecole-val-saint-andre.fr\/wp-content\/uploads\/2021\/04\/logo.png?fit=200%2C165&ssl=1","contentUrl":"https:\/\/i0.wp.com\/ecole-val-saint-andre.fr\/wp-content\/uploads\/2021\/04\/logo.png?fit=200%2C165&ssl=1","width":200,"height":165,"caption":"\u00c9cole Priv\u00e9 Val Saint Andr\u00e9"},"image":{"@id":"https:\/\/ecole-val-saint-andre.fr\/en\/#\/schema\/logo\/image\/"}}]}},"jetpack_sharing_enabled":true,"_links":{"self":[{"href":"https:\/\/ecole-val-saint-andre.fr\/en\/wp-json\/wp\/v2\/pages\/1098","targetHints":{"allow":["GET"]}}],"collection":[{"href":"https:\/\/ecole-val-saint-andre.fr\/en\/wp-json\/wp\/v2\/pages"}],"about":[{"href":"https:\/\/ecole-val-saint-andre.fr\/en\/wp-json\/wp\/v2\/types\/page"}],"author":[{"embeddable":true,"href":"https:\/\/ecole-val-saint-andre.fr\/en\/wp-json\/wp\/v2\/users\/3"}],"replies":[{"embeddable":true,"href":"https:\/\/ecole-val-saint-andre.fr\/en\/wp-json\/wp\/v2\/comments?post=1098"}],"version-history":[{"count":7,"href":"https:\/\/ecole-val-saint-andre.fr\/en\/wp-json\/wp\/v2\/pages\/1098\/revisions"}],"predecessor-version":[{"id":1612,"href":"https:\/\/ecole-val-saint-andre.fr\/en\/wp-json\/wp\/v2\/pages\/1098\/revisions\/1612"}],"wp:attachment":[{"href":"https:\/\/ecole-val-saint-andre.fr\/en\/wp-json\/wp\/v2\/media?parent=1098"}],"curies":[{"name":"wp","href":"https:\/\/api.w.org\/{rel}","templated":true}]}}