{"id":1170,"date":"2024-11-29T13:01:05","date_gmt":"2024-11-29T12:01:05","guid":{"rendered":"https:\/\/ecole-val-saint-andre.fr\/the-school\/private-school-catering\/"},"modified":"2025-07-31T19:23:21","modified_gmt":"2025-07-31T17:23:21","slug":"private-school-catering","status":"publish","type":"page","link":"https:\/\/ecole-val-saint-andre.fr\/en\/private-school-catering\/","title":{"rendered":"Private school catering"},"content":{"rendered":"<div id=\"pl-1170\"  class=\"panel-layout\" ><div id=\"pg-1170-0\"  class=\"panel-grid panel-no-style\" ><div id=\"pgc-1170-0-0\"  class=\"panel-grid-cell\" ><div id=\"panel-1170-0-0-0\" class=\"so-panel widget widget_sow-editor panel-first-child\" data-index=\"0\" ><div\n\t\t\t\n\t\t\tclass=\"so-widget-sow-editor so-widget-sow-editor-base\"\n\t\t\t\n\t\t><h3 class=\"widget-title\">Meal organization:<\/h3>\n<div class=\"siteorigin-widget-tinymce textwidget\">\n\t<p>FAMILY ChefDom is a web application dedicated to organizing and managing your child's school meals within their private educational institution. The meals are prepared by us in our central kitchen on the same day, then individually packaged to be distributed to the institutions for immediate consumption.<\/p>\n<p>We use 70% fresh products, 20% frozen products, and 10% canned products. We are committed to ensuring the quality of the products used in the preparation of school meals.<\/p>\n<p>Our fruits and vegetables are 80% locally sourced through short supply chains, 100% of our meats &amp; poultry come from European countries and France, and all our dairy products and cheeses are 100% sourced from our regions in France.<\/p>\n<p>Our commitment to preserving sea fisheries drives us to use fish (MSC sustainable fishing).<\/p>\n<\/div>\n<\/div><\/div><div id=\"panel-1170-0-0-1\" class=\"so-panel widget widget_sow-editor\" data-index=\"1\" ><div\n\t\t\t\n\t\t\tclass=\"so-widget-sow-editor so-widget-sow-editor-base\"\n\t\t\t\n\t\t><h3 class=\"widget-title\">How to choose the meal plan<\/h3>\n<div class=\"siteorigin-widget-tinymce textwidget\">\n\t<p>Sign up for the application for FREE and you will be able to choose the meal plan you wish to SUBSCRIBE to in the form of a monthly, quarterly, annual, or \u00e0 la carte subscription.<\/p>\n<p>REGISTRATIONS for Meal Plans for the 2025\/2026 school year must be completed before August 2, 2025, except for the (\u00c0 la carte) meal plan.<\/p>\n<p>Bring your lunch box from home each day, with a choice of cold or hot meals.<\/p>\n<\/div>\n<\/div><\/div><div id=\"panel-1170-0-0-2\" class=\"so-panel widget widget_sow-editor\" data-index=\"2\" ><div\n\t\t\t\n\t\t\tclass=\"so-widget-sow-editor so-widget-sow-editor-base\"\n\t\t\t\n\t\t><h3 class=\"widget-title\">Meal price:<\/h3>\n<div class=\"siteorigin-widget-tinymce textwidget\">\n\t<p>The meal price will be adjusted according to the plan you choose. Our complete meal trays are adapted for kindergarten, primary, middle, and high schools in the form of distinct menus presented on our application.<br \/> (Kindergarten menu for current week &amp; following week, primary, middle, and high school menu for current week &amp; following week)<\/p>\n<p>For the 2025\/2026 school year, menus will be available online from August 22, 2025, in the School Menus section of our application.<\/p>\n<p>You can also fill out a form for a specific meal request for health issues or food allergies: (dietary plan for allergies, dietary plan for diabetes, other dietary plans).<\/p>\n<p>The entire FAMILY ChefDom team wishes you a great back-to-school season. Web application: <a href=\"https:\/\/family.chefdom.fr\" target=\"_blank\" rel=\"noopener\">https:\/\/family.chefdom.fr<\/a><\/p>\n<\/div>\n<\/div><\/div><div id=\"panel-1170-0-0-3\" class=\"so-panel widget widget_sow-editor\" data-index=\"3\" ><div\n\t\t\t\n\t\t\tclass=\"so-widget-sow-editor so-widget-sow-editor-base\"\n\t\t\t\n\t\t><h3 class=\"widget-title\">The ChefDom company:<\/h3>\n<div class=\"siteorigin-widget-tinymce textwidget\">\n\t<p>Family ChefDom, a service offered by ChefDom company for school catering in private educational institutions.<br \/>+33(0)749130875 \/ <a class=\"break-word hover:text-super hover:decoration-super dark:hover:text-superDark dark:hover:decoration-superDark underline decoration-from-font underline-offset-1 transition-all duration-300\" href=\"mailto:family@chefdom.fr\" target=\"_blank\" rel=\"nofollow noopener\">family@chefdom.fr<\/a> \/ ChefDom, 6 rue de la Cave 13390 AURIOL<br \/>HACCP \/ ROFHYA Provence-Alpes-C\u00f4te d'Azur n\u00b0 93 0466 15 2020<br \/>478 882 921 R.C.S. Marseille<\/p>\n<\/div>\n<\/div><\/div><div id=\"panel-1170-0-0-4\" class=\"so-panel widget widget_sow-editor panel-last-child\" data-index=\"4\" ><div\n\t\t\t\n\t\t\tclass=\"so-widget-sow-editor so-widget-sow-editor-base\"\n\t\t\t\n\t\t><h3 class=\"widget-title\">Family ChefDom Brochure:<\/h3>\n<div class=\"siteorigin-widget-tinymce textwidget\">\n\t<p>Download the brochure: <a href=\"https:\/\/ecole-val-saint-andre.fr\/en\/the-school\/private-school-catering\/plaquettefamily-chefdom-2025-2026-2\/\" target=\"_blank\" rel=\"attachment noopener wp-att-1091\">plaquettefamily ChefDom 2025-2026.pdf (1239 Ko)<\/a><\/p>\n<\/div>\n<\/div><\/div><\/div><\/div><\/div>","protected":false},"excerpt":{"rendered":"<p>FAMILY ChefDom is a web application dedicated to organizing and managing your child&#8217;s school meals within their private educational institution. The meals are prepared by us in our central kitchen on the same day, then individually packaged to be distributed to the institutions for immediate consumption. We use 70% fresh products, 20% frozen products, and [&hellip;]<\/p>\n","protected":false},"author":2,"featured_media":1089,"parent":1740,"menu_order":1,"comment_status":"closed","ping_status":"closed","template":"","meta":{"footnotes":""},"class_list":["post-1170","page","type-page","status-publish","has-post-thumbnail","hentry","post"],"yoast_head":"<!-- This site is optimized with the Yoast SEO plugin v27.4 - https:\/\/yoast.com\/product\/yoast-seo-wordpress\/ -->\n<title>Private school catering - \u00c9cole Priv\u00e9 Val Saint Andr\u00e9<\/title>\n<meta name=\"robots\" content=\"index, follow, max-snippet:-1, max-image-preview:large, max-video-preview:-1\" \/>\n<link rel=\"canonical\" href=\"https:\/\/ecole-val-saint-andre.fr\/en\/private-school-catering\/\" \/>\n<meta property=\"og:locale\" content=\"en_US\" \/>\n<meta property=\"og:type\" content=\"article\" \/>\n<meta property=\"og:title\" content=\"Private school catering - \u00c9cole Priv\u00e9 Val Saint Andr\u00e9\" \/>\n<meta property=\"og:description\" content=\"FAMILY ChefDom is a web application dedicated to organizing and managing your child&#039;s school meals within their private educational institution. The meals are prepared by us in our central kitchen on the same day, then individually packaged to be distributed to the institutions for immediate consumption. We use 70% fresh products, 20% frozen products, and [&hellip;]\" \/>\n<meta property=\"og:url\" content=\"https:\/\/ecole-val-saint-andre.fr\/en\/private-school-catering\/\" \/>\n<meta property=\"og:site_name\" content=\"\u00c9cole Priv\u00e9 Val Saint Andr\u00e9\" \/>\n<meta property=\"article:modified_time\" content=\"2025-07-31T17:23:21+00:00\" \/>\n<meta property=\"og:image\" content=\"https:\/\/ecole-val-saint-andre.fr\/wp-content\/uploads\/2024\/10\/241015_restauration_1.png\" \/>\n\t<meta property=\"og:image:width\" content=\"794\" \/>\n\t<meta property=\"og:image:height\" content=\"399\" \/>\n\t<meta property=\"og:image:type\" content=\"image\/png\" \/>\n<meta name=\"twitter:card\" content=\"summary_large_image\" \/>\n<meta name=\"twitter:label1\" content=\"Est. reading time\" \/>\n\t<meta name=\"twitter:data1\" content=\"2 minutes\" \/>\n<script type=\"application\/ld+json\" class=\"yoast-schema-graph\">{\"@context\":\"https:\\\/\\\/schema.org\",\"@graph\":[{\"@type\":\"WebPage\",\"@id\":\"https:\\\/\\\/ecole-val-saint-andre.fr\\\/en\\\/private-school-catering\\\/\",\"url\":\"https:\\\/\\\/ecole-val-saint-andre.fr\\\/en\\\/private-school-catering\\\/\",\"name\":\"Private school catering - \u00c9cole Priv\u00e9 Val Saint Andr\u00e9\",\"isPartOf\":{\"@id\":\"https:\\\/\\\/ecole-val-saint-andre.fr\\\/en\\\/#website\"},\"primaryImageOfPage\":{\"@id\":\"https:\\\/\\\/ecole-val-saint-andre.fr\\\/en\\\/private-school-catering\\\/#primaryimage\"},\"image\":{\"@id\":\"https:\\\/\\\/ecole-val-saint-andre.fr\\\/en\\\/private-school-catering\\\/#primaryimage\"},\"thumbnailUrl\":\"https:\\\/\\\/i0.wp.com\\\/ecole-val-saint-andre.fr\\\/wp-content\\\/uploads\\\/2024\\\/10\\\/241015_restauration_1.png?fit=794%2C399&ssl=1\",\"datePublished\":\"2024-11-29T12:01:05+00:00\",\"dateModified\":\"2025-07-31T17:23:21+00:00\",\"breadcrumb\":{\"@id\":\"https:\\\/\\\/ecole-val-saint-andre.fr\\\/en\\\/private-school-catering\\\/#breadcrumb\"},\"inLanguage\":\"en-US\",\"potentialAction\":[{\"@type\":\"ReadAction\",\"target\":[\"https:\\\/\\\/ecole-val-saint-andre.fr\\\/en\\\/private-school-catering\\\/\"]}]},{\"@type\":\"ImageObject\",\"inLanguage\":\"en-US\",\"@id\":\"https:\\\/\\\/ecole-val-saint-andre.fr\\\/en\\\/private-school-catering\\\/#primaryimage\",\"url\":\"https:\\\/\\\/i0.wp.com\\\/ecole-val-saint-andre.fr\\\/wp-content\\\/uploads\\\/2024\\\/10\\\/241015_restauration_1.png?fit=794%2C399&ssl=1\",\"contentUrl\":\"https:\\\/\\\/i0.wp.com\\\/ecole-val-saint-andre.fr\\\/wp-content\\\/uploads\\\/2024\\\/10\\\/241015_restauration_1.png?fit=794%2C399&ssl=1\",\"width\":794,\"height\":399},{\"@type\":\"BreadcrumbList\",\"@id\":\"https:\\\/\\\/ecole-val-saint-andre.fr\\\/en\\\/private-school-catering\\\/#breadcrumb\",\"itemListElement\":[{\"@type\":\"ListItem\",\"position\":1,\"name\":\"Accueil\",\"item\":\"https:\\\/\\\/ecole-val-saint-andre.fr\\\/en\\\/\"},{\"@type\":\"ListItem\",\"position\":2,\"name\":\"The School\",\"item\":\"https:\\\/\\\/ecole-val-saint-andre.fr\\\/en\\\/the-school\\\/\"},{\"@type\":\"ListItem\",\"position\":3,\"name\":\"Private school catering\"}]},{\"@type\":\"WebSite\",\"@id\":\"https:\\\/\\\/ecole-val-saint-andre.fr\\\/en\\\/#website\",\"url\":\"https:\\\/\\\/ecole-val-saint-andre.fr\\\/en\\\/\",\"name\":\"\u00c9cole Priv\u00e9 Val Saint Andr\u00e9\",\"description\":\"\",\"publisher\":{\"@id\":\"https:\\\/\\\/ecole-val-saint-andre.fr\\\/en\\\/#organization\"},\"potentialAction\":[{\"@type\":\"SearchAction\",\"target\":{\"@type\":\"EntryPoint\",\"urlTemplate\":\"https:\\\/\\\/ecole-val-saint-andre.fr\\\/en\\\/?s={search_term_string}\"},\"query-input\":{\"@type\":\"PropertyValueSpecification\",\"valueRequired\":true,\"valueName\":\"search_term_string\"}}],\"inLanguage\":\"en-US\"},{\"@type\":\"Organization\",\"@id\":\"https:\\\/\\\/ecole-val-saint-andre.fr\\\/en\\\/#organization\",\"name\":\"\u00c9cole Priv\u00e9 Val Saint Andr\u00e9\",\"url\":\"https:\\\/\\\/ecole-val-saint-andre.fr\\\/en\\\/\",\"logo\":{\"@type\":\"ImageObject\",\"inLanguage\":\"en-US\",\"@id\":\"https:\\\/\\\/ecole-val-saint-andre.fr\\\/en\\\/#\\\/schema\\\/logo\\\/image\\\/\",\"url\":\"https:\\\/\\\/i0.wp.com\\\/ecole-val-saint-andre.fr\\\/wp-content\\\/uploads\\\/2021\\\/04\\\/logo.png?fit=200%2C165&ssl=1\",\"contentUrl\":\"https:\\\/\\\/i0.wp.com\\\/ecole-val-saint-andre.fr\\\/wp-content\\\/uploads\\\/2021\\\/04\\\/logo.png?fit=200%2C165&ssl=1\",\"width\":200,\"height\":165,\"caption\":\"\u00c9cole Priv\u00e9 Val Saint Andr\u00e9\"},\"image\":{\"@id\":\"https:\\\/\\\/ecole-val-saint-andre.fr\\\/en\\\/#\\\/schema\\\/logo\\\/image\\\/\"}}]}<\/script>\n<!-- \/ Yoast SEO plugin. -->","yoast_head_json":{"title":"Private school catering - \u00c9cole Priv\u00e9 Val Saint Andr\u00e9","robots":{"index":"index","follow":"follow","max-snippet":"max-snippet:-1","max-image-preview":"max-image-preview:large","max-video-preview":"max-video-preview:-1"},"canonical":"https:\/\/ecole-val-saint-andre.fr\/en\/private-school-catering\/","og_locale":"en_US","og_type":"article","og_title":"Private school catering - \u00c9cole Priv\u00e9 Val Saint Andr\u00e9","og_description":"FAMILY ChefDom is a web application dedicated to organizing and managing your child's school meals within their private educational institution. The meals are prepared by us in our central kitchen on the same day, then individually packaged to be distributed to the institutions for immediate consumption. We use 70% fresh products, 20% frozen products, and [&hellip;]","og_url":"https:\/\/ecole-val-saint-andre.fr\/en\/private-school-catering\/","og_site_name":"\u00c9cole Priv\u00e9 Val Saint Andr\u00e9","article_modified_time":"2025-07-31T17:23:21+00:00","og_image":[{"width":794,"height":399,"url":"https:\/\/ecole-val-saint-andre.fr\/wp-content\/uploads\/2024\/10\/241015_restauration_1.png","type":"image\/png"}],"twitter_card":"summary_large_image","twitter_misc":{"Est. reading time":"2 minutes"},"schema":{"@context":"https:\/\/schema.org","@graph":[{"@type":"WebPage","@id":"https:\/\/ecole-val-saint-andre.fr\/en\/private-school-catering\/","url":"https:\/\/ecole-val-saint-andre.fr\/en\/private-school-catering\/","name":"Private school catering - \u00c9cole Priv\u00e9 Val Saint Andr\u00e9","isPartOf":{"@id":"https:\/\/ecole-val-saint-andre.fr\/en\/#website"},"primaryImageOfPage":{"@id":"https:\/\/ecole-val-saint-andre.fr\/en\/private-school-catering\/#primaryimage"},"image":{"@id":"https:\/\/ecole-val-saint-andre.fr\/en\/private-school-catering\/#primaryimage"},"thumbnailUrl":"https:\/\/i0.wp.com\/ecole-val-saint-andre.fr\/wp-content\/uploads\/2024\/10\/241015_restauration_1.png?fit=794%2C399&ssl=1","datePublished":"2024-11-29T12:01:05+00:00","dateModified":"2025-07-31T17:23:21+00:00","breadcrumb":{"@id":"https:\/\/ecole-val-saint-andre.fr\/en\/private-school-catering\/#breadcrumb"},"inLanguage":"en-US","potentialAction":[{"@type":"ReadAction","target":["https:\/\/ecole-val-saint-andre.fr\/en\/private-school-catering\/"]}]},{"@type":"ImageObject","inLanguage":"en-US","@id":"https:\/\/ecole-val-saint-andre.fr\/en\/private-school-catering\/#primaryimage","url":"https:\/\/i0.wp.com\/ecole-val-saint-andre.fr\/wp-content\/uploads\/2024\/10\/241015_restauration_1.png?fit=794%2C399&ssl=1","contentUrl":"https:\/\/i0.wp.com\/ecole-val-saint-andre.fr\/wp-content\/uploads\/2024\/10\/241015_restauration_1.png?fit=794%2C399&ssl=1","width":794,"height":399},{"@type":"BreadcrumbList","@id":"https:\/\/ecole-val-saint-andre.fr\/en\/private-school-catering\/#breadcrumb","itemListElement":[{"@type":"ListItem","position":1,"name":"Accueil","item":"https:\/\/ecole-val-saint-andre.fr\/en\/"},{"@type":"ListItem","position":2,"name":"The School","item":"https:\/\/ecole-val-saint-andre.fr\/en\/the-school\/"},{"@type":"ListItem","position":3,"name":"Private school catering"}]},{"@type":"WebSite","@id":"https:\/\/ecole-val-saint-andre.fr\/en\/#website","url":"https:\/\/ecole-val-saint-andre.fr\/en\/","name":"\u00c9cole Priv\u00e9 Val Saint Andr\u00e9","description":"","publisher":{"@id":"https:\/\/ecole-val-saint-andre.fr\/en\/#organization"},"potentialAction":[{"@type":"SearchAction","target":{"@type":"EntryPoint","urlTemplate":"https:\/\/ecole-val-saint-andre.fr\/en\/?s={search_term_string}"},"query-input":{"@type":"PropertyValueSpecification","valueRequired":true,"valueName":"search_term_string"}}],"inLanguage":"en-US"},{"@type":"Organization","@id":"https:\/\/ecole-val-saint-andre.fr\/en\/#organization","name":"\u00c9cole Priv\u00e9 Val Saint Andr\u00e9","url":"https:\/\/ecole-val-saint-andre.fr\/en\/","logo":{"@type":"ImageObject","inLanguage":"en-US","@id":"https:\/\/ecole-val-saint-andre.fr\/en\/#\/schema\/logo\/image\/","url":"https:\/\/i0.wp.com\/ecole-val-saint-andre.fr\/wp-content\/uploads\/2021\/04\/logo.png?fit=200%2C165&ssl=1","contentUrl":"https:\/\/i0.wp.com\/ecole-val-saint-andre.fr\/wp-content\/uploads\/2021\/04\/logo.png?fit=200%2C165&ssl=1","width":200,"height":165,"caption":"\u00c9cole Priv\u00e9 Val Saint Andr\u00e9"},"image":{"@id":"https:\/\/ecole-val-saint-andre.fr\/en\/#\/schema\/logo\/image\/"}}]}},"jetpack_sharing_enabled":true,"_links":{"self":[{"href":"https:\/\/ecole-val-saint-andre.fr\/en\/wp-json\/wp\/v2\/pages\/1170","targetHints":{"allow":["GET"]}}],"collection":[{"href":"https:\/\/ecole-val-saint-andre.fr\/en\/wp-json\/wp\/v2\/pages"}],"about":[{"href":"https:\/\/ecole-val-saint-andre.fr\/en\/wp-json\/wp\/v2\/types\/page"}],"author":[{"embeddable":true,"href":"https:\/\/ecole-val-saint-andre.fr\/en\/wp-json\/wp\/v2\/users\/2"}],"replies":[{"embeddable":true,"href":"https:\/\/ecole-val-saint-andre.fr\/en\/wp-json\/wp\/v2\/comments?post=1170"}],"version-history":[{"count":1,"href":"https:\/\/ecole-val-saint-andre.fr\/en\/wp-json\/wp\/v2\/pages\/1170\/revisions"}],"predecessor-version":[{"id":1172,"href":"https:\/\/ecole-val-saint-andre.fr\/en\/wp-json\/wp\/v2\/pages\/1170\/revisions\/1172"}],"up":[{"embeddable":true,"href":"https:\/\/ecole-val-saint-andre.fr\/en\/wp-json\/wp\/v2\/pages\/1740"}],"wp:featuredmedia":[{"embeddable":true,"href":"https:\/\/ecole-val-saint-andre.fr\/en\/wp-json\/wp\/v2\/media\/1089"}],"wp:attachment":[{"href":"https:\/\/ecole-val-saint-andre.fr\/en\/wp-json\/wp\/v2\/media?parent=1170"}],"curies":[{"name":"wp","href":"https:\/\/api.w.org\/{rel}","templated":true}]}}