{"id":1187,"date":"2024-12-08T06:09:17","date_gmt":"2024-12-08T05:09:17","guid":{"rendered":"https:\/\/ecole-val-saint-andre.fr\/the-school\/inscription-et-tarifs-annee-scolaire-2025-2026\/"},"modified":"2025-10-17T14:21:28","modified_gmt":"2025-10-17T12:21:28","slug":"registration-and-fees-for-school-year-2026-2027","status":"publish","type":"page","link":"https:\/\/ecole-val-saint-andre.fr\/en\/the-school\/registration-and-fees-for-school-year-2026-2027\/","title":{"rendered":"Enrollment and school fees 2026\/2027"},"content":{"rendered":"<div id=\"pl-1187\"  class=\"panel-layout\" ><div id=\"pg-1187-0\"  class=\"panel-grid panel-no-style\" ><div id=\"pgc-1187-0-0\"  class=\"panel-grid-cell\" ><div id=\"panel-1187-0-0-0\" class=\"so-panel widget widget_sow-editor panel-first-child\" data-index=\"0\" ><div\n\t\t\t\n\t\t\tclass=\"so-widget-sow-editor so-widget-sow-editor-base\"\n\t\t\t\n\t\t><h3 class=\"widget-title\">Documents necessary (for all new enrollments)<\/h3>\n<div class=\"siteorigin-widget-tinymce textwidget\">\n\t<p><a href=\"https:\/\/ecole-val-saint-andre.fr\/wp-content\/uploads\/2023\/12\/231205_Fiche-dinscription.pdf\">231205_Fiche d'inscription.pdf<\/a><\/p>\n<\/div>\n<\/div><\/div><div id=\"panel-1187-0-0-1\" class=\"so-panel widget widget_sow-editor\" data-index=\"1\" ><div\n\t\t\t\n\t\t\tclass=\"so-widget-sow-editor so-widget-sow-editor-base\"\n\t\t\t\n\t\t><h3 class=\"widget-title\">Documents necessary (for all new enrollments)<\/h3>\n<div class=\"siteorigin-widget-tinymce textwidget\">\n\t<ul>\n<li>Recent school reports<\/li>\n<li>Copies of all vaccination certificates<\/li>\n<li>Birth Certificate<\/li>\n<li>Child's identity card<\/li>\n<li>Identity cards for both parents<\/li>\n<li>2 ID photos<\/li>\n<li>4 stamped and addressed envelopes only for middle and high school.<\/li>\n<li>Insurance certificate<\/li>\n<li>Release certificate from the previous school<\/li>\n<\/ul>\n<\/div>\n<\/div><\/div><div id=\"panel-1187-0-0-2\" class=\"so-panel widget widget_sow-editor\" data-index=\"2\" ><div\n\t\t\t\n\t\t\tclass=\"so-widget-sow-editor so-widget-sow-editor-base\"\n\t\t\t\n\t\t><h3 class=\"widget-title\">SCHOOL FEES<\/h3>\n<div class=\"siteorigin-widget-tinymce textwidget\">\n\t<ul>\n<li>Monthly payment spread over 10 months. From September 1, 2026 to June 30, 2027.<br \/>\nTo be paid within the first 3 days of each month.<\/li>\n<li>Quarterly payment: September to be paid on enrolment,<br \/>\nthree quarters to be paid as follows: September 15 - December 15 - March 15.<\/li>\n<\/ul>\n<\/div>\n<\/div><\/div><div id=\"panel-1187-0-0-3\" class=\"so-panel widget widget_sow-editor\" data-index=\"3\" ><div\n\t\t\t\n\t\t\tclass=\"so-widget-sow-editor so-widget-sow-editor-base\"\n\t\t\t\n\t\t><h3 class=\"widget-title\">MONTHLY TARIF<\/h3>\n<div class=\"siteorigin-widget-tinymce textwidget\">\n\t\n<table id=\"tablepress-1\" class=\"tablepress tablepress-id-1 tbody-has-connected-cells\">\n<thead>\n<tr class=\"row-1\">\n\t<th class=\"column-1\">TARIFS PAR MOIS<\/th><th class=\"column-2\">TRADITIONNELLE<\/th><th class=\"column-3\">BILINGUE<\/th>\n<\/tr>\n<\/thead>\n<tbody class=\"row-striping row-hover\">\n<tr class=\"row-2\">\n\t<td class=\"column-1\">Classe de 6\u00b0<\/td><td class=\"column-2\">465 \u20ac<\/td><td class=\"column-3\">485 \u20ac<\/td>\n<\/tr>\n<tr class=\"row-3\">\n\t<td class=\"column-1\">Classe de 5\u00b0<\/td><td class=\"column-2\">475 \u20ac<\/td><td class=\"column-3\">495 \u20ac<\/td>\n<\/tr>\n<tr class=\"row-4\">\n\t<td class=\"column-1\">Classe de 4\u00b0<\/td><td class=\"column-2\">490 \u20ac<\/td><td class=\"column-3\">510 \u20ac<\/td>\n<\/tr>\n<tr class=\"row-5\">\n\t<td class=\"column-1\">Classe de 3\u00b0<\/td><td class=\"column-2\">510 \u20ac<\/td><td class=\"column-3\">525 \u20ac<\/td>\n<\/tr>\n<tr class=\"row-6\">\n\t<td class=\"column-1\">Classe de 2\u00b0<\/td><td class=\"column-2\">530 \u20ac<\/td><td class=\"column-3\">540 \u20ac<\/td>\n<\/tr>\n<tr class=\"row-7\">\n\t<td class=\"column-1\">Classe de 1\u00b0<\/td><td class=\"column-2\">530 \u20ac<\/td><td class=\"column-3\">540 \u20ac<\/td>\n<\/tr>\n<tr class=\"row-8\">\n\t<td class=\"column-1\">Classe de Terminale<\/td><td class=\"column-2\">530 \u20ac<\/td><td class=\"column-3\">540 \u20ac<\/td>\n<\/tr>\n<tr class=\"row-9\">\n\t<td class=\"column-1\">MATERNELLE<\/td><td class=\"column-2\">420 \u20ac<\/td><td class=\"column-3\">430 \u20ac<br \/>\nOption bilingue<\/td>\n<\/tr>\n<tr class=\"row-10\">\n\t<td class=\"column-1\">PRIMAIRE<\/td><td class=\"column-2\">435 \u20ac<\/td><td class=\"column-3\">440 \u20ac<br \/>\nOption Cambridge Starters\/Movers\/Flyers<\/td>\n<\/tr>\n<tr class=\"row-11\">\n\t<td colspan=\"2\" class=\"column-1\">Garderie du matin de 7h45 \u00e0 8h30<\/td><td class=\"column-3\">25 euros par mois<\/td>\n<\/tr>\n<tr class=\"row-12\">\n\t<td colspan=\"2\" class=\"column-1\">Garderie du soir de 16h30 \u00e0 17h30\/17h50<\/td><td class=\"column-3\">15 euros par mois<\/td>\n<\/tr>\n<\/tbody>\n<\/table>\n<!-- #tablepress-1 from cache -->\n\n<table id=\"tablepress-2\" class=\"tablepress tablepress-id-2\">\n<thead>\n<tr class=\"row-1\">\n\t<th class=\"column-1\">DROITS D'INSCRIPTION<\/th><td class=\"column-2\"><\/td>\n<\/tr>\n<\/thead>\n<tbody class=\"row-striping row-hover\">\n<tr class=\"row-2\">\n\t<td class=\"column-1\">MATERNELLE<\/td><td class=\"column-2\">400 \u20ac<\/td>\n<\/tr>\n<tr class=\"row-3\">\n\t<td class=\"column-1\">PRIMAIRE<\/td><td class=\"column-2\">410 \u20ac<\/td>\n<\/tr>\n<tr class=\"row-4\">\n\t<td class=\"column-1\">COLL\u00c8GE<\/td><td class=\"column-2\">410 \u20ac<\/td>\n<\/tr>\n<tr class=\"row-5\">\n\t<td class=\"column-1\">LYC\u00c9E <\/td><td class=\"column-2\">510 \u20ac<\/td>\n<\/tr>\n<\/tbody>\n<\/table>\n<!-- #tablepress-2 from cache -->\n<\/div>\n<\/div><\/div><div id=\"panel-1187-0-0-4\" class=\"so-panel widget widget_sow-editor panel-last-child\" data-index=\"4\" ><div\n\t\t\t\n\t\t\tclass=\"so-widget-sow-editor so-widget-sow-editor-base\"\n\t\t\t\n\t\t><h3 class=\"widget-title\">Bank details<\/h3>\n<div class=\"siteorigin-widget-tinymce textwidget\">\n\t<p>PRIVATE SCHOOL VAL SAINT ANDR\u00c9<\/p>\n<p>Bank code: 11315<\/p>\n<p>Agency code: 00001<\/p>\n<p>Account number: 08005632389<\/p>\n<p>RIB key: 03<\/p>\n<p>Domiciliation : CE CEPAC<\/p>\n<p>IBAN : FR76 1131 5000 0108 0056 3238 903<\/p>\n<p>BIC : CEPAFRPP131<\/p>\n<\/div>\n<\/div><\/div><\/div><\/div><\/div>","protected":false},"excerpt":{"rendered":"<p>231205_Fiche d&#8217;inscription.pdf Recent school reports Copies of all vaccination certificates Birth Certificate Child&#8217;s identity card Identity cards for both parents 2 ID photos 4 stamped and addressed envelopes only for middle and high school. Insurance certificate Release certificate from the previous school Monthly payment spread over 10 months. From September 1, 2026 to June 30, [&hellip;]<\/p>\n","protected":false},"author":3,"featured_media":0,"parent":347,"menu_order":9,"comment_status":"closed","ping_status":"closed","template":"","meta":{"footnotes":""},"class_list":["post-1187","page","type-page","status-publish","hentry","post"],"yoast_head":"<!-- This site is optimized with the Yoast SEO plugin v27.3 - https:\/\/yoast.com\/product\/yoast-seo-wordpress\/ -->\n<title>Enrollment and school fees 2026\/2027 - \u00c9cole Priv\u00e9 Val Saint Andr\u00e9<\/title>\n<meta name=\"robots\" content=\"index, follow, max-snippet:-1, max-image-preview:large, max-video-preview:-1\" \/>\n<link rel=\"canonical\" href=\"https:\/\/ecole-val-saint-andre.fr\/en\/the-school\/registration-and-fees-for-school-year-2026-2027\/\" \/>\n<meta property=\"og:locale\" content=\"en_US\" \/>\n<meta property=\"og:type\" content=\"article\" \/>\n<meta property=\"og:title\" content=\"Enrollment and school fees 2026\/2027 - \u00c9cole Priv\u00e9 Val Saint Andr\u00e9\" \/>\n<meta property=\"og:description\" content=\"231205_Fiche d&#039;inscription.pdf Recent school reports Copies of all vaccination certificates Birth Certificate Child&#039;s identity card Identity cards for both parents 2 ID photos 4 stamped and addressed envelopes only for middle and high school. Insurance certificate Release certificate from the previous school Monthly payment spread over 10 months. From September 1, 2026 to June 30, [&hellip;]\" \/>\n<meta property=\"og:url\" content=\"https:\/\/ecole-val-saint-andre.fr\/en\/the-school\/registration-and-fees-for-school-year-2026-2027\/\" \/>\n<meta property=\"og:site_name\" content=\"\u00c9cole Priv\u00e9 Val Saint Andr\u00e9\" \/>\n<meta property=\"article:modified_time\" content=\"2025-10-17T12:21:28+00:00\" \/>\n<meta name=\"twitter:card\" content=\"summary_large_image\" \/>\n<meta name=\"twitter:label1\" content=\"Est. reading time\" \/>\n\t<meta name=\"twitter:data1\" content=\"2 minutes\" \/>\n<script type=\"application\/ld+json\" class=\"yoast-schema-graph\">{\"@context\":\"https:\\\/\\\/schema.org\",\"@graph\":[{\"@type\":\"WebPage\",\"@id\":\"https:\\\/\\\/ecole-val-saint-andre.fr\\\/en\\\/the-school\\\/registration-and-fees-for-school-year-2026-2027\\\/\",\"url\":\"https:\\\/\\\/ecole-val-saint-andre.fr\\\/en\\\/the-school\\\/registration-and-fees-for-school-year-2026-2027\\\/\",\"name\":\"Enrollment and school fees 2026\\\/2027 - \u00c9cole Priv\u00e9 Val Saint Andr\u00e9\",\"isPartOf\":{\"@id\":\"https:\\\/\\\/ecole-val-saint-andre.fr\\\/en\\\/#website\"},\"datePublished\":\"2024-12-08T05:09:17+00:00\",\"dateModified\":\"2025-10-17T12:21:28+00:00\",\"breadcrumb\":{\"@id\":\"https:\\\/\\\/ecole-val-saint-andre.fr\\\/en\\\/the-school\\\/registration-and-fees-for-school-year-2026-2027\\\/#breadcrumb\"},\"inLanguage\":\"en-US\",\"potentialAction\":[{\"@type\":\"ReadAction\",\"target\":[\"https:\\\/\\\/ecole-val-saint-andre.fr\\\/en\\\/the-school\\\/registration-and-fees-for-school-year-2026-2027\\\/\"]}]},{\"@type\":\"BreadcrumbList\",\"@id\":\"https:\\\/\\\/ecole-val-saint-andre.fr\\\/en\\\/the-school\\\/registration-and-fees-for-school-year-2026-2027\\\/#breadcrumb\",\"itemListElement\":[{\"@type\":\"ListItem\",\"position\":1,\"name\":\"Accueil\",\"item\":\"https:\\\/\\\/ecole-val-saint-andre.fr\\\/en\\\/\"},{\"@type\":\"ListItem\",\"position\":2,\"name\":\"The School\",\"item\":\"https:\\\/\\\/ecole-val-saint-andre.fr\\\/en\\\/the-school\\\/\"},{\"@type\":\"ListItem\",\"position\":3,\"name\":\"Enrollment and school fees 2026\\\/2027\"}]},{\"@type\":\"WebSite\",\"@id\":\"https:\\\/\\\/ecole-val-saint-andre.fr\\\/en\\\/#website\",\"url\":\"https:\\\/\\\/ecole-val-saint-andre.fr\\\/en\\\/\",\"name\":\"\u00c9cole Priv\u00e9 Val Saint Andr\u00e9\",\"description\":\"\",\"publisher\":{\"@id\":\"https:\\\/\\\/ecole-val-saint-andre.fr\\\/en\\\/#organization\"},\"potentialAction\":[{\"@type\":\"SearchAction\",\"target\":{\"@type\":\"EntryPoint\",\"urlTemplate\":\"https:\\\/\\\/ecole-val-saint-andre.fr\\\/en\\\/?s={search_term_string}\"},\"query-input\":{\"@type\":\"PropertyValueSpecification\",\"valueRequired\":true,\"valueName\":\"search_term_string\"}}],\"inLanguage\":\"en-US\"},{\"@type\":\"Organization\",\"@id\":\"https:\\\/\\\/ecole-val-saint-andre.fr\\\/en\\\/#organization\",\"name\":\"\u00c9cole Priv\u00e9 Val Saint Andr\u00e9\",\"url\":\"https:\\\/\\\/ecole-val-saint-andre.fr\\\/en\\\/\",\"logo\":{\"@type\":\"ImageObject\",\"inLanguage\":\"en-US\",\"@id\":\"https:\\\/\\\/ecole-val-saint-andre.fr\\\/en\\\/#\\\/schema\\\/logo\\\/image\\\/\",\"url\":\"https:\\\/\\\/i0.wp.com\\\/ecole-val-saint-andre.fr\\\/wp-content\\\/uploads\\\/2021\\\/04\\\/logo.png?fit=200%2C165&ssl=1\",\"contentUrl\":\"https:\\\/\\\/i0.wp.com\\\/ecole-val-saint-andre.fr\\\/wp-content\\\/uploads\\\/2021\\\/04\\\/logo.png?fit=200%2C165&ssl=1\",\"width\":200,\"height\":165,\"caption\":\"\u00c9cole Priv\u00e9 Val Saint Andr\u00e9\"},\"image\":{\"@id\":\"https:\\\/\\\/ecole-val-saint-andre.fr\\\/en\\\/#\\\/schema\\\/logo\\\/image\\\/\"}}]}<\/script>\n<!-- \/ Yoast SEO plugin. -->","yoast_head_json":{"title":"Enrollment and school fees 2026\/2027 - \u00c9cole Priv\u00e9 Val Saint Andr\u00e9","robots":{"index":"index","follow":"follow","max-snippet":"max-snippet:-1","max-image-preview":"max-image-preview:large","max-video-preview":"max-video-preview:-1"},"canonical":"https:\/\/ecole-val-saint-andre.fr\/en\/the-school\/registration-and-fees-for-school-year-2026-2027\/","og_locale":"en_US","og_type":"article","og_title":"Enrollment and school fees 2026\/2027 - \u00c9cole Priv\u00e9 Val Saint Andr\u00e9","og_description":"231205_Fiche d'inscription.pdf Recent school reports Copies of all vaccination certificates Birth Certificate Child's identity card Identity cards for both parents 2 ID photos 4 stamped and addressed envelopes only for middle and high school. Insurance certificate Release certificate from the previous school Monthly payment spread over 10 months. From September 1, 2026 to June 30, [&hellip;]","og_url":"https:\/\/ecole-val-saint-andre.fr\/en\/the-school\/registration-and-fees-for-school-year-2026-2027\/","og_site_name":"\u00c9cole Priv\u00e9 Val Saint Andr\u00e9","article_modified_time":"2025-10-17T12:21:28+00:00","twitter_card":"summary_large_image","twitter_misc":{"Est. reading time":"2 minutes"},"schema":{"@context":"https:\/\/schema.org","@graph":[{"@type":"WebPage","@id":"https:\/\/ecole-val-saint-andre.fr\/en\/the-school\/registration-and-fees-for-school-year-2026-2027\/","url":"https:\/\/ecole-val-saint-andre.fr\/en\/the-school\/registration-and-fees-for-school-year-2026-2027\/","name":"Enrollment and school fees 2026\/2027 - \u00c9cole Priv\u00e9 Val Saint Andr\u00e9","isPartOf":{"@id":"https:\/\/ecole-val-saint-andre.fr\/en\/#website"},"datePublished":"2024-12-08T05:09:17+00:00","dateModified":"2025-10-17T12:21:28+00:00","breadcrumb":{"@id":"https:\/\/ecole-val-saint-andre.fr\/en\/the-school\/registration-and-fees-for-school-year-2026-2027\/#breadcrumb"},"inLanguage":"en-US","potentialAction":[{"@type":"ReadAction","target":["https:\/\/ecole-val-saint-andre.fr\/en\/the-school\/registration-and-fees-for-school-year-2026-2027\/"]}]},{"@type":"BreadcrumbList","@id":"https:\/\/ecole-val-saint-andre.fr\/en\/the-school\/registration-and-fees-for-school-year-2026-2027\/#breadcrumb","itemListElement":[{"@type":"ListItem","position":1,"name":"Accueil","item":"https:\/\/ecole-val-saint-andre.fr\/en\/"},{"@type":"ListItem","position":2,"name":"The School","item":"https:\/\/ecole-val-saint-andre.fr\/en\/the-school\/"},{"@type":"ListItem","position":3,"name":"Enrollment and school fees 2026\/2027"}]},{"@type":"WebSite","@id":"https:\/\/ecole-val-saint-andre.fr\/en\/#website","url":"https:\/\/ecole-val-saint-andre.fr\/en\/","name":"\u00c9cole Priv\u00e9 Val Saint Andr\u00e9","description":"","publisher":{"@id":"https:\/\/ecole-val-saint-andre.fr\/en\/#organization"},"potentialAction":[{"@type":"SearchAction","target":{"@type":"EntryPoint","urlTemplate":"https:\/\/ecole-val-saint-andre.fr\/en\/?s={search_term_string}"},"query-input":{"@type":"PropertyValueSpecification","valueRequired":true,"valueName":"search_term_string"}}],"inLanguage":"en-US"},{"@type":"Organization","@id":"https:\/\/ecole-val-saint-andre.fr\/en\/#organization","name":"\u00c9cole Priv\u00e9 Val Saint Andr\u00e9","url":"https:\/\/ecole-val-saint-andre.fr\/en\/","logo":{"@type":"ImageObject","inLanguage":"en-US","@id":"https:\/\/ecole-val-saint-andre.fr\/en\/#\/schema\/logo\/image\/","url":"https:\/\/i0.wp.com\/ecole-val-saint-andre.fr\/wp-content\/uploads\/2021\/04\/logo.png?fit=200%2C165&ssl=1","contentUrl":"https:\/\/i0.wp.com\/ecole-val-saint-andre.fr\/wp-content\/uploads\/2021\/04\/logo.png?fit=200%2C165&ssl=1","width":200,"height":165,"caption":"\u00c9cole Priv\u00e9 Val Saint Andr\u00e9"},"image":{"@id":"https:\/\/ecole-val-saint-andre.fr\/en\/#\/schema\/logo\/image\/"}}]}},"jetpack_sharing_enabled":true,"_links":{"self":[{"href":"https:\/\/ecole-val-saint-andre.fr\/en\/wp-json\/wp\/v2\/pages\/1187","targetHints":{"allow":["GET"]}}],"collection":[{"href":"https:\/\/ecole-val-saint-andre.fr\/en\/wp-json\/wp\/v2\/pages"}],"about":[{"href":"https:\/\/ecole-val-saint-andre.fr\/en\/wp-json\/wp\/v2\/types\/page"}],"author":[{"embeddable":true,"href":"https:\/\/ecole-val-saint-andre.fr\/en\/wp-json\/wp\/v2\/users\/3"}],"replies":[{"embeddable":true,"href":"https:\/\/ecole-val-saint-andre.fr\/en\/wp-json\/wp\/v2\/comments?post=1187"}],"version-history":[{"count":8,"href":"https:\/\/ecole-val-saint-andre.fr\/en\/wp-json\/wp\/v2\/pages\/1187\/revisions"}],"predecessor-version":[{"id":1725,"href":"https:\/\/ecole-val-saint-andre.fr\/en\/wp-json\/wp\/v2\/pages\/1187\/revisions\/1725"}],"up":[{"embeddable":true,"href":"https:\/\/ecole-val-saint-andre.fr\/en\/wp-json\/wp\/v2\/pages\/347"}],"wp:attachment":[{"href":"https:\/\/ecole-val-saint-andre.fr\/en\/wp-json\/wp\/v2\/media?parent=1187"}],"curies":[{"name":"wp","href":"https:\/\/api.w.org\/{rel}","templated":true}]}}