{"id":1628,"date":"2025-08-27T19:20:34","date_gmt":"2025-08-27T17:20:34","guid":{"rendered":"https:\/\/ecole-val-saint-andre.fr\/educational-adaptation\/"},"modified":"2025-08-27T19:25:38","modified_gmt":"2025-08-27T17:25:38","slug":"educational-adaptation","status":"publish","type":"page","link":"https:\/\/ecole-val-saint-andre.fr\/en\/educational-adaptation\/","title":{"rendered":"Educational Adaptation"},"content":{"rendered":"<div id=\"pl-1628\"  class=\"panel-layout\" ><div id=\"pg-1628-0\"  class=\"panel-grid panel-no-style\" ><div id=\"pgc-1628-0-0\"  class=\"panel-grid-cell\" ><div id=\"panel-1628-0-0-0\" class=\"so-panel widget widget_sow-editor panel-first-child panel-last-child\" data-index=\"0\" ><div\n\t\t\t\n\t\t\tclass=\"so-widget-sow-editor so-widget-sow-editor-base\"\n\t\t\t\n\t\t>\n<div class=\"siteorigin-widget-tinymce textwidget\">\n\t<div class=\"siteorigin-widget-tinymce textwidget\">\n<h3>Dyslexia: Essential Educational Provisions<\/h3>\n<p>Difficulties in learning to read and write represent a genuine challenge, too often misunderstood and poorly addressed. For a dyslexic pupil, adapting educational methods to suit their needs is essential, ensuring that school does not become an ordeal. Our school has chosen to meet these specific needs by integrating such pupils within mainstream classes, rather than isolating them.<\/p>\n<h3>Prerequisites for Educational Adaptations<\/h3>\n<p>The first step involves both teachers and fellow pupils understanding and accepting individual differences.<\/p>\n<p>The pupil concerned must be willing to acknowledge and discuss their challenges. They should be reassured that their specific difficulty is recognised, that it is not their fault, and that it neither disqualifies nor excludes them, nor condemns them to failure.<\/p>\n<p>We will address the concept of \u201cdifferences in learning styles.\u201d This distinction can be highlighted by encouraging pupils to express their thoughts when confronted with a word or a problem. They will soon realise that, even when faced with identical tasks, each child approaches learning in their own way.<\/p>\n<p>This work can be extended to areas such as art and physical education, where again, differences in ways of thinking may become apparent \u2014 and some children may feel more comfortable than others.<\/p>\n<p class=\"my-2 [&amp;+p]:mt-4 [&amp;_strong:has(+br)]:inline-block [&amp;_strong:has(+br)]:pb-2\">Once this step is complete, it is possible to explain that some pupils are entitled to special support, as reading presents greater challenges for them. This approach fosters a spirit of solidarity and mutual respect among the children.<\/p>\n<\/div>\n<\/div>\n<\/div><\/div><\/div><\/div><\/div>","protected":false},"excerpt":{"rendered":"<p>Dyslexia: Essential Educational Provisions Difficulties in learning to read and write represent a genuine challenge, too often misunderstood and poorly addressed. For a dyslexic pupil, adapting educational methods to suit their needs is essential, ensuring that school does not become an ordeal. Our school has chosen to meet these specific needs by integrating such pupils [&hellip;]<\/p>\n","protected":false},"author":2,"featured_media":0,"parent":0,"menu_order":1,"comment_status":"closed","ping_status":"closed","template":"","meta":{"footnotes":""},"class_list":["post-1628","page","type-page","status-publish","hentry","post"],"yoast_head":"<!-- This site is optimized with the Yoast SEO plugin v27.3 - https:\/\/yoast.com\/product\/yoast-seo-wordpress\/ -->\n<title>Educational Adaptation - \u00c9cole Priv\u00e9 Val Saint Andr\u00e9<\/title>\n<meta name=\"robots\" content=\"index, follow, max-snippet:-1, max-image-preview:large, max-video-preview:-1\" \/>\n<link rel=\"canonical\" href=\"https:\/\/ecole-val-saint-andre.fr\/en\/educational-adaptation\/\" \/>\n<meta property=\"og:locale\" content=\"en_US\" \/>\n<meta property=\"og:type\" content=\"article\" \/>\n<meta property=\"og:title\" content=\"Educational Adaptation - \u00c9cole Priv\u00e9 Val Saint Andr\u00e9\" \/>\n<meta property=\"og:description\" content=\"Dyslexia: Essential Educational Provisions Difficulties in learning to read and write represent a genuine challenge, too often misunderstood and poorly addressed. For a dyslexic pupil, adapting educational methods to suit their needs is essential, ensuring that school does not become an ordeal. Our school has chosen to meet these specific needs by integrating such pupils [&hellip;]\" \/>\n<meta property=\"og:url\" content=\"https:\/\/ecole-val-saint-andre.fr\/en\/educational-adaptation\/\" \/>\n<meta property=\"og:site_name\" content=\"\u00c9cole Priv\u00e9 Val Saint Andr\u00e9\" \/>\n<meta property=\"article:modified_time\" content=\"2025-08-27T17:25:38+00:00\" \/>\n<meta name=\"twitter:card\" content=\"summary_large_image\" \/>\n<meta name=\"twitter:label1\" content=\"Est. reading time\" \/>\n\t<meta name=\"twitter:data1\" content=\"2 minutes\" \/>\n<script type=\"application\/ld+json\" class=\"yoast-schema-graph\">{\"@context\":\"https:\\\/\\\/schema.org\",\"@graph\":[{\"@type\":\"WebPage\",\"@id\":\"https:\\\/\\\/ecole-val-saint-andre.fr\\\/en\\\/educational-adaptation\\\/\",\"url\":\"https:\\\/\\\/ecole-val-saint-andre.fr\\\/en\\\/educational-adaptation\\\/\",\"name\":\"Educational Adaptation - \u00c9cole Priv\u00e9 Val Saint Andr\u00e9\",\"isPartOf\":{\"@id\":\"https:\\\/\\\/ecole-val-saint-andre.fr\\\/en\\\/#website\"},\"datePublished\":\"2025-08-27T17:20:34+00:00\",\"dateModified\":\"2025-08-27T17:25:38+00:00\",\"breadcrumb\":{\"@id\":\"https:\\\/\\\/ecole-val-saint-andre.fr\\\/en\\\/educational-adaptation\\\/#breadcrumb\"},\"inLanguage\":\"en-US\",\"potentialAction\":[{\"@type\":\"ReadAction\",\"target\":[\"https:\\\/\\\/ecole-val-saint-andre.fr\\\/en\\\/educational-adaptation\\\/\"]}]},{\"@type\":\"BreadcrumbList\",\"@id\":\"https:\\\/\\\/ecole-val-saint-andre.fr\\\/en\\\/educational-adaptation\\\/#breadcrumb\",\"itemListElement\":[{\"@type\":\"ListItem\",\"position\":1,\"name\":\"Accueil\",\"item\":\"https:\\\/\\\/ecole-val-saint-andre.fr\\\/en\\\/\"},{\"@type\":\"ListItem\",\"position\":2,\"name\":\"Educational Adaptation\"}]},{\"@type\":\"WebSite\",\"@id\":\"https:\\\/\\\/ecole-val-saint-andre.fr\\\/en\\\/#website\",\"url\":\"https:\\\/\\\/ecole-val-saint-andre.fr\\\/en\\\/\",\"name\":\"\u00c9cole Priv\u00e9 Val Saint Andr\u00e9\",\"description\":\"\",\"publisher\":{\"@id\":\"https:\\\/\\\/ecole-val-saint-andre.fr\\\/en\\\/#organization\"},\"potentialAction\":[{\"@type\":\"SearchAction\",\"target\":{\"@type\":\"EntryPoint\",\"urlTemplate\":\"https:\\\/\\\/ecole-val-saint-andre.fr\\\/en\\\/?s={search_term_string}\"},\"query-input\":{\"@type\":\"PropertyValueSpecification\",\"valueRequired\":true,\"valueName\":\"search_term_string\"}}],\"inLanguage\":\"en-US\"},{\"@type\":\"Organization\",\"@id\":\"https:\\\/\\\/ecole-val-saint-andre.fr\\\/en\\\/#organization\",\"name\":\"\u00c9cole Priv\u00e9 Val Saint Andr\u00e9\",\"url\":\"https:\\\/\\\/ecole-val-saint-andre.fr\\\/en\\\/\",\"logo\":{\"@type\":\"ImageObject\",\"inLanguage\":\"en-US\",\"@id\":\"https:\\\/\\\/ecole-val-saint-andre.fr\\\/en\\\/#\\\/schema\\\/logo\\\/image\\\/\",\"url\":\"https:\\\/\\\/i0.wp.com\\\/ecole-val-saint-andre.fr\\\/wp-content\\\/uploads\\\/2021\\\/04\\\/logo.png?fit=200%2C165&ssl=1\",\"contentUrl\":\"https:\\\/\\\/i0.wp.com\\\/ecole-val-saint-andre.fr\\\/wp-content\\\/uploads\\\/2021\\\/04\\\/logo.png?fit=200%2C165&ssl=1\",\"width\":200,\"height\":165,\"caption\":\"\u00c9cole Priv\u00e9 Val Saint Andr\u00e9\"},\"image\":{\"@id\":\"https:\\\/\\\/ecole-val-saint-andre.fr\\\/en\\\/#\\\/schema\\\/logo\\\/image\\\/\"}}]}<\/script>\n<!-- \/ Yoast SEO plugin. -->","yoast_head_json":{"title":"Educational Adaptation - \u00c9cole Priv\u00e9 Val Saint Andr\u00e9","robots":{"index":"index","follow":"follow","max-snippet":"max-snippet:-1","max-image-preview":"max-image-preview:large","max-video-preview":"max-video-preview:-1"},"canonical":"https:\/\/ecole-val-saint-andre.fr\/en\/educational-adaptation\/","og_locale":"en_US","og_type":"article","og_title":"Educational Adaptation - \u00c9cole Priv\u00e9 Val Saint Andr\u00e9","og_description":"Dyslexia: Essential Educational Provisions Difficulties in learning to read and write represent a genuine challenge, too often misunderstood and poorly addressed. For a dyslexic pupil, adapting educational methods to suit their needs is essential, ensuring that school does not become an ordeal. Our school has chosen to meet these specific needs by integrating such pupils [&hellip;]","og_url":"https:\/\/ecole-val-saint-andre.fr\/en\/educational-adaptation\/","og_site_name":"\u00c9cole Priv\u00e9 Val Saint Andr\u00e9","article_modified_time":"2025-08-27T17:25:38+00:00","twitter_card":"summary_large_image","twitter_misc":{"Est. reading time":"2 minutes"},"schema":{"@context":"https:\/\/schema.org","@graph":[{"@type":"WebPage","@id":"https:\/\/ecole-val-saint-andre.fr\/en\/educational-adaptation\/","url":"https:\/\/ecole-val-saint-andre.fr\/en\/educational-adaptation\/","name":"Educational Adaptation - \u00c9cole Priv\u00e9 Val Saint Andr\u00e9","isPartOf":{"@id":"https:\/\/ecole-val-saint-andre.fr\/en\/#website"},"datePublished":"2025-08-27T17:20:34+00:00","dateModified":"2025-08-27T17:25:38+00:00","breadcrumb":{"@id":"https:\/\/ecole-val-saint-andre.fr\/en\/educational-adaptation\/#breadcrumb"},"inLanguage":"en-US","potentialAction":[{"@type":"ReadAction","target":["https:\/\/ecole-val-saint-andre.fr\/en\/educational-adaptation\/"]}]},{"@type":"BreadcrumbList","@id":"https:\/\/ecole-val-saint-andre.fr\/en\/educational-adaptation\/#breadcrumb","itemListElement":[{"@type":"ListItem","position":1,"name":"Accueil","item":"https:\/\/ecole-val-saint-andre.fr\/en\/"},{"@type":"ListItem","position":2,"name":"Educational Adaptation"}]},{"@type":"WebSite","@id":"https:\/\/ecole-val-saint-andre.fr\/en\/#website","url":"https:\/\/ecole-val-saint-andre.fr\/en\/","name":"\u00c9cole Priv\u00e9 Val Saint Andr\u00e9","description":"","publisher":{"@id":"https:\/\/ecole-val-saint-andre.fr\/en\/#organization"},"potentialAction":[{"@type":"SearchAction","target":{"@type":"EntryPoint","urlTemplate":"https:\/\/ecole-val-saint-andre.fr\/en\/?s={search_term_string}"},"query-input":{"@type":"PropertyValueSpecification","valueRequired":true,"valueName":"search_term_string"}}],"inLanguage":"en-US"},{"@type":"Organization","@id":"https:\/\/ecole-val-saint-andre.fr\/en\/#organization","name":"\u00c9cole Priv\u00e9 Val Saint Andr\u00e9","url":"https:\/\/ecole-val-saint-andre.fr\/en\/","logo":{"@type":"ImageObject","inLanguage":"en-US","@id":"https:\/\/ecole-val-saint-andre.fr\/en\/#\/schema\/logo\/image\/","url":"https:\/\/i0.wp.com\/ecole-val-saint-andre.fr\/wp-content\/uploads\/2021\/04\/logo.png?fit=200%2C165&ssl=1","contentUrl":"https:\/\/i0.wp.com\/ecole-val-saint-andre.fr\/wp-content\/uploads\/2021\/04\/logo.png?fit=200%2C165&ssl=1","width":200,"height":165,"caption":"\u00c9cole Priv\u00e9 Val Saint Andr\u00e9"},"image":{"@id":"https:\/\/ecole-val-saint-andre.fr\/en\/#\/schema\/logo\/image\/"}}]}},"jetpack_sharing_enabled":true,"_links":{"self":[{"href":"https:\/\/ecole-val-saint-andre.fr\/en\/wp-json\/wp\/v2\/pages\/1628","targetHints":{"allow":["GET"]}}],"collection":[{"href":"https:\/\/ecole-val-saint-andre.fr\/en\/wp-json\/wp\/v2\/pages"}],"about":[{"href":"https:\/\/ecole-val-saint-andre.fr\/en\/wp-json\/wp\/v2\/types\/page"}],"author":[{"embeddable":true,"href":"https:\/\/ecole-val-saint-andre.fr\/en\/wp-json\/wp\/v2\/users\/2"}],"replies":[{"embeddable":true,"href":"https:\/\/ecole-val-saint-andre.fr\/en\/wp-json\/wp\/v2\/comments?post=1628"}],"version-history":[{"count":2,"href":"https:\/\/ecole-val-saint-andre.fr\/en\/wp-json\/wp\/v2\/pages\/1628\/revisions"}],"predecessor-version":[{"id":1631,"href":"https:\/\/ecole-val-saint-andre.fr\/en\/wp-json\/wp\/v2\/pages\/1628\/revisions\/1631"}],"wp:attachment":[{"href":"https:\/\/ecole-val-saint-andre.fr\/en\/wp-json\/wp\/v2\/media?parent=1628"}],"curies":[{"name":"wp","href":"https:\/\/api.w.org\/{rel}","templated":true}]}}