{"id":350,"date":"2021-04-15T13:58:25","date_gmt":"2021-04-15T11:58:25","guid":{"rendered":"https:\/\/ecole-val-saint-andre.fr\/lecole\/informations-generales\/"},"modified":"2025-12-02T16:11:55","modified_gmt":"2025-12-02T15:11:55","slug":"general-informations","status":"publish","type":"page","link":"https:\/\/ecole-val-saint-andre.fr\/en\/","title":{"rendered":"General Informations"},"content":{"rendered":"<div id=\"pl-350\"  class=\"panel-layout\" ><div id=\"pg-350-0\"  class=\"panel-grid panel-no-style\" ><div id=\"pgc-350-0-0\"  class=\"panel-grid-cell\" ><div id=\"panel-350-0-0-0\" class=\"so-panel widget widget_sow-editor panel-first-child panel-last-child\" data-index=\"0\" ><div\n\t\t\t\n\t\t\tclass=\"so-widget-sow-editor so-widget-sow-editor-base\"\n\t\t\t\n\t\t>\n<div class=\"siteorigin-widget-tinymce textwidget\">\n\t<p><a href=\"https:\/\/ecole-val-saint-andre.fr\/kids-club\/presentation-kids-club\/\"><img data-recalc-dims=\"1\" loading=\"lazy\" decoding=\"async\" class=\"aligncenter wp-image-1731 size-full\" src=\"https:\/\/i0.wp.com\/ecole-val-saint-andre.fr\/wp-content\/uploads\/2025\/11\/KIDS-Club_650x318.jpg?resize=650%2C318&#038;ssl=1\" alt=\"\" width=\"650\" height=\"318\" srcset=\"https:\/\/i0.wp.com\/ecole-val-saint-andre.fr\/wp-content\/uploads\/2025\/11\/KIDS-Club_650x318.jpg?w=650&amp;ssl=1 650w, https:\/\/i0.wp.com\/ecole-val-saint-andre.fr\/wp-content\/uploads\/2025\/11\/KIDS-Club_650x318.jpg?resize=300%2C147&amp;ssl=1 300w\" sizes=\"auto, (max-width: 650px) 100vw, 650px\" \/><\/a><\/p>\n<\/div>\n<\/div><\/div><\/div><\/div><div id=\"pg-350-1\"  class=\"panel-grid panel-no-style\" ><div id=\"pgc-350-1-0\"  class=\"panel-grid-cell\" ><div id=\"panel-350-1-0-0\" class=\"so-panel widget widget_sow-editor panel-first-child panel-last-child\" data-index=\"1\" ><div\n\t\t\t\n\t\t\tclass=\"so-widget-sow-editor so-widget-sow-editor-base\"\n\t\t\t\n\t\t>\n<div class=\"siteorigin-widget-tinymce textwidget\">\n\t<p><img data-recalc-dims=\"1\" loading=\"lazy\" decoding=\"async\" class=\"aligncenter size-full wp-image-1843\" src=\"https:\/\/i0.wp.com\/ecole-val-saint-andre.fr\/wp-content\/uploads\/2025\/12\/banniere_accueil_EN_900x320.jpg?resize=650%2C231&#038;ssl=1\" alt=\"\" width=\"650\" height=\"231\" srcset=\"https:\/\/i0.wp.com\/ecole-val-saint-andre.fr\/wp-content\/uploads\/2025\/12\/banniere_accueil_EN_900x320.jpg?w=900&amp;ssl=1 900w, https:\/\/i0.wp.com\/ecole-val-saint-andre.fr\/wp-content\/uploads\/2025\/12\/banniere_accueil_EN_900x320.jpg?resize=300%2C107&amp;ssl=1 300w, https:\/\/i0.wp.com\/ecole-val-saint-andre.fr\/wp-content\/uploads\/2025\/12\/banniere_accueil_EN_900x320.jpg?resize=768%2C273&amp;ssl=1 768w, https:\/\/i0.wp.com\/ecole-val-saint-andre.fr\/wp-content\/uploads\/2025\/12\/banniere_accueil_EN_900x320.jpg?resize=650%2C231&amp;ssl=1 650w\" sizes=\"auto, (max-width: 650px) 100vw, 650px\" \/><\/p>\n<\/div>\n<\/div><\/div><\/div><div id=\"pgc-350-1-1\"  class=\"panel-grid-cell\" ><div id=\"panel-350-1-1-0\" class=\"so-panel widget widget_sow-editor panel-first-child panel-last-child\" data-index=\"2\" ><div\n\t\t\t\n\t\t\tclass=\"so-widget-sow-editor so-widget-sow-editor-base\"\n\t\t\t\n\t\t>\n<div class=\"siteorigin-widget-tinymce textwidget\">\n\t<p>Aix-en-Provence, a stopping place on the road from Northern France to Italy, draws its origin, its name and, to an extent , its reputation, from its thermal springs. It began as the capital of Provence under the successive rule of the Celts, the Romans, the courts and the Monarchs, until 1790, when it became merely the chief town of the area. It kept however its Court of Appeal (a remainder of the Parliament created in 1501), its University (which has been producing the same excellent standards since 1413), and its Archbishopric which keeps up the metropolitan dignity acquired in the 14th Century. At the present time, Aix has approximately 150000 inhabitants.<\/p>\n<p>As a result of the patronage of its former rulers (and especially of the officials of Parliament and Courts who created an urban setting with town-houses, mansions and castles worthy of their sovereign functions), Aix maintains today a cultural tradition expressed each year by the International Festival of Lyrical Art and Music. The feeling of continuity is due not only to its prestigious past but also to the beautiful scenery which surrounds Aix and which has inspired artists and intellectuals, as indeed it inspired C\u00e9zanne.<\/p>\n<p>Alongside academic teaching, extra-curricular cultural and sporting activities give each student the opportunity to fully develop.<\/p>\n<p>Personalized teaching is provided by competent, experienced teachers who are available and attentive to each individual.<\/p>\n<\/div>\n<\/div><\/div><\/div><\/div><div id=\"pg-350-2\"  class=\"panel-grid panel-no-style\" ><div id=\"pgc-350-2-0\"  class=\"panel-grid-cell\" ><div id=\"panel-350-2-0-0\" class=\"so-panel widget widget_sow-editor panel-first-child panel-last-child\" data-index=\"3\" ><div\n\t\t\t\n\t\t\tclass=\"so-widget-sow-editor so-widget-sow-editor-base\"\n\t\t\t\n\t\t>\n<div class=\"siteorigin-widget-tinymce textwidget\">\n\t<p><img data-recalc-dims=\"1\" loading=\"lazy\" decoding=\"async\" class=\"aligncenter wp-image-1525 size-medium\" src=\"https:\/\/i0.wp.com\/ecole-val-saint-andre.fr\/wp-content\/uploads\/2025\/04\/Map_540x281.png?resize=300%2C156&#038;ssl=1\" alt=\"\" width=\"300\" height=\"156\" srcset=\"https:\/\/i0.wp.com\/ecole-val-saint-andre.fr\/wp-content\/uploads\/2025\/04\/Map_540x281.png?resize=300%2C156&amp;ssl=1 300w, https:\/\/i0.wp.com\/ecole-val-saint-andre.fr\/wp-content\/uploads\/2025\/04\/Map_540x281.png?w=540&amp;ssl=1 540w\" sizes=\"auto, (max-width: 300px) 100vw, 300px\" \/><\/p>\n<\/div>\n<\/div><\/div><\/div><div id=\"pgc-350-2-1\"  class=\"panel-grid-cell\" ><div id=\"panel-350-2-1-0\" class=\"so-panel widget widget_sow-editor panel-first-child panel-last-child\" data-index=\"4\" ><div\n\t\t\t\n\t\t\tclass=\"so-widget-sow-editor so-widget-sow-editor-base\"\n\t\t\t\n\t\t><h3 class=\"widget-title\">Location<\/h3>\n<div class=\"siteorigin-widget-tinymce textwidget\">\n\t<p>\u2666 Nestled in the heart of one of Europe\u2019s most celebrated tourist regions, Aix is the perfect base from which to discover Provence. One cannot help but appreciate its quality environment, from C\u00e9zanne\u2019s Aix landscapes through the Camargue, the Alpilles Mountains, and the surrounding Mediterranean Coast.<\/p>\n<p>Students have access to a large recreation area during breaks and can eat on site.<\/p>\n<p>\u2666 The historic capital of Provence, a university city, an artistic center with a rich architectural heritage, Aix is a city which knows how to live the good life. - <\/p>\n<p>\u2666 The Cours Mirabeau and its animated sidewalk caf\u00e9s, the nearby Aix countryside, and the many sports and cultural activities available the year round are a few of the advantage of this dynamic, forward-looking city.<\/p>\n<\/div>\n<\/div><\/div><\/div><\/div><div id=\"pg-350-3\"  class=\"panel-grid panel-no-style\" ><div id=\"pgc-350-3-0\"  class=\"panel-grid-cell\" ><div id=\"panel-350-3-0-0\" class=\"widget_text so-panel widget widget_custom_html panel-first-child panel-last-child\" data-index=\"5\" ><div class=\"textwidget custom-html-widget\"><div style=\"width: 524px;\" class=\"wp-video\"><video class=\"wp-video-shortcode\" id=\"video-350-1\" width=\"524\" height=\"366\" preload=\"metadata\" controls=\"controls\"><source type=\"video\/mp4\" src=\"https:\/\/ecole-val-saint-andre.fr\/wp-content\/uploads\/2021\/04\/VSA_2016-2017_2_avec-texte-et-audio.mp4?_=1\" \/><a href=\"https:\/\/ecole-val-saint-andre.fr\/wp-content\/uploads\/2021\/04\/VSA_2016-2017_2_avec-texte-et-audio.mp4\">https:\/\/ecole-val-saint-andre.fr\/wp-content\/uploads\/2021\/04\/VSA_2016-2017_2_avec-texte-et-audio.mp4<\/a><\/video><\/div><\/div><\/div><\/div><div id=\"pgc-350-3-1\"  class=\"panel-grid-cell\" ><div id=\"panel-350-3-1-0\" class=\"so-panel widget widget_sow-editor panel-first-child panel-last-child\" data-index=\"6\" ><div\n\t\t\t\n\t\t\tclass=\"so-widget-sow-editor so-widget-sow-editor-base\"\n\t\t\t\n\t\t><h3 class=\"widget-title\">Our Classes<\/h3>\n<div class=\"siteorigin-widget-tinymce textwidget\">\n\t<p>Dans les sections Traditionnelles des Maternelles aux Terminales, l\u2019\u00e9cole Val-Saint-Andr\u00e9 accueille 215 \u00e9l\u00e8ves entre l\u2019\u00e2ge de <span style=\"text-decoration: underline;\">2 ans et demi<\/span> \u00e0 18 ans<\/p>\n<p>They are in school :<\/p>\n<ul>\n<li>In the Traditional sections of Kindergarten to Terminale classes.<\/li>\n<li>In the French\/English Bilingual sections from Kindergarten to Terminale classes.<\/li>\n<li>In the International Junior, IGCSE, Advanced Level and Preparatory sections (depending on numbers).<\/li>\n<li>Intensive English language training<\/li>\n<\/ul>\n<p>Possibility of accommodation with guest families.<br \/>Other languages taught: German, Spanish, Italian.<\/p>\n<\/div>\n<\/div><\/div><\/div><\/div><div id=\"pg-350-4\"  class=\"panel-grid panel-no-style\" ><div id=\"pgc-350-4-0\"  class=\"panel-grid-cell\" ><div id=\"panel-350-4-0-0\" class=\"widget_text so-panel widget widget_custom_html panel-first-child panel-last-child\" data-index=\"7\" ><div class=\"textwidget custom-html-widget\"><iframe loading=\"lazy\" width=\"780\" height=\"439\" src=\"https:\/\/www.youtube.com\/embed\/ZYoKSuqzGHo\" title=\"YouTube video player\" frameborder=\"0\" allow=\"accelerometer; autoplay; clipboard-write; encrypted-media; gyroscope; picture-in-picture\" allowfullscreen=\"\"><\/iframe><\/div><\/div><\/div><div id=\"pgc-350-4-1\"  class=\"panel-grid-cell\" ><div id=\"panel-350-4-1-0\" class=\"so-panel widget widget_sow-editor panel-first-child panel-last-child\" data-index=\"8\" ><div\n\t\t\t\n\t\t\tclass=\"so-widget-sow-editor so-widget-sow-editor-base\"\n\t\t\t\n\t\t><h3 class=\"widget-title\">Certified preparation center for \"Cambridge English Qualifications\":<\/h3>\n<div class=\"siteorigin-widget-tinymce textwidget\">\n\t<p><a href=\"https:\/\/ecole-val-saint-andre.fr\/wp-content\/uploads\/2024\/09\/240904_Cambridge_University_Press-_and_Assesment_Certificate.pdf\" target=\"_blank\" rel=\"noopener\"><img data-recalc-dims=\"1\" loading=\"lazy\" decoding=\"async\" class=\"alignleft wp-image-1067 size-medium\" src=\"https:\/\/i0.wp.com\/ecole-val-saint-andre.fr\/wp-content\/uploads\/2024\/09\/240904_Cambridge_University_Press-_and_Assesment_Certificate_396x561.png?resize=212%2C300&#038;ssl=1\" alt=\"Certificate from Cambridge University Press &amp; Assessment\" width=\"212\" height=\"300\" srcset=\"https:\/\/i0.wp.com\/ecole-val-saint-andre.fr\/wp-content\/uploads\/2024\/09\/240904_Cambridge_University_Press-_and_Assesment_Certificate_396x561.png?resize=212%2C300&amp;ssl=1 212w, https:\/\/i0.wp.com\/ecole-val-saint-andre.fr\/wp-content\/uploads\/2024\/09\/240904_Cambridge_University_Press-_and_Assesment_Certificate_396x561.png?w=396&amp;ssl=1 396w\" sizes=\"auto, (max-width: 212px) 100vw, 212px\" \/><\/a>Certificat: <a href=\"https:\/\/ecole-val-saint-andre.fr\/wp-content\/uploads\/2024\/09\/240904_Cambridge_University_Press-_and_Assesment_Certificate.pdf\" target=\"_blank\" rel=\"noopener\">240904_Cambridge_University_Press _and_Assesment_Certificate<\/a><\/p>\n<\/div>\n<\/div><\/div><\/div><\/div><div id=\"pg-350-5\"  class=\"panel-grid panel-no-style\" ><div id=\"pgc-350-5-0\"  class=\"panel-grid-cell\" ><div id=\"panel-350-5-0-0\" class=\"widget_text so-panel widget widget_custom_html panel-first-child panel-last-child\" data-index=\"9\" ><div class=\"textwidget custom-html-widget\"><iframe loading=\"lazy\" width=\"780\" height=\"439\" src=\"https:\/\/www.youtube.com\/embed\/9G9LRoo4R7E\" title=\"YouTube video player\" frameborder=\"0\" allow=\"accelerometer; autoplay; clipboard-write; encrypted-media; gyroscope; picture-in-picture\" allowfullscreen=\"\"><\/iframe><\/div><\/div><\/div><div id=\"pgc-350-5-1\"  class=\"panel-grid-cell\" ><div id=\"panel-350-5-1-0\" class=\"so-panel widget widget_sow-editor panel-first-child\" data-index=\"10\" ><div\n\t\t\t\n\t\t\tclass=\"so-widget-sow-editor so-widget-sow-editor-base\"\n\t\t\t\n\t\t><h3 class=\"widget-title\">Sport<\/h3>\n<div class=\"siteorigin-widget-tinymce textwidget\">\n\t<p>Specially adapted timetable for those at competition level.<\/p>\n<p>Education and Sport offered in tennis, horse-riding, athletics\u2026<\/p>\n<\/div>\n<\/div><\/div><div id=\"panel-350-5-1-1\" class=\"so-panel widget widget_sow-editor panel-last-child\" data-index=\"11\" ><div\n\t\t\t\n\t\t\tclass=\"so-widget-sow-editor so-widget-sow-editor-base\"\n\t\t\t\n\t\t><h3 class=\"widget-title\">Physical Education<\/h3>\n<div class=\"siteorigin-widget-tinymce textwidget\">\n\t<p>Qualified staff give compulsory sports lessons and introduce or improve pupils\u2019 ability in team sports, athletics or swimming.<\/p>\n<\/div>\n<\/div><\/div><\/div><\/div><div id=\"pg-350-6\"  class=\"panel-grid panel-no-style\" ><div id=\"pgc-350-6-0\"  class=\"panel-grid-cell\" ><div id=\"panel-350-6-0-0\" class=\"widget_text so-panel widget widget_custom_html panel-first-child panel-last-child\" data-index=\"12\" ><div class=\"textwidget custom-html-widget\"><iframe loading=\"lazy\" width=\"813\" height=\"457\" src=\"https:\/\/www.youtube.com\/embed\/KR309pbYAjI\" title=\"VSA Year-end party\" frameborder=\"0\" allow=\"accelerometer; autoplay; clipboard-write; encrypted-media; gyroscope; picture-in-picture\" allowfullscreen=\"\"><\/iframe><\/div><\/div><\/div><div id=\"pgc-350-6-1\"  class=\"panel-grid-cell\" ><div id=\"panel-350-6-1-0\" class=\"so-panel widget widget_sow-editor panel-first-child\" data-index=\"13\" ><div\n\t\t\t\n\t\t\tclass=\"so-widget-sow-editor so-widget-sow-editor-base\"\n\t\t\t\n\t\t><h3 class=\"widget-title\">Internet<\/h3>\n<div class=\"siteorigin-widget-tinymce textwidget\">\n\t<p>Pupils have the possibility to use Internet. The school has a modern IT room with the latest PCs and printer so that pupils can work on projects and print out.<\/p>\n<\/div>\n<\/div><\/div><div id=\"panel-350-6-1-1\" class=\"so-panel widget widget_sow-editor panel-last-child\" data-index=\"14\" ><div\n\t\t\t\n\t\t\tclass=\"so-widget-sow-editor so-widget-sow-editor-base\"\n\t\t\t\n\t\t><h3 class=\"widget-title\">Host Families<\/h3>\n<div class=\"siteorigin-widget-tinymce textwidget\">\n\t<p>In the search for a more personalized form of accommodation for our student population the VSA school has opted for host families.<\/p>\n<p>We are very happy with our choice : we believe that our host family program provides a serious, safe, and harmonious environment for those students living away from home. Students need to be at least 12 years old to be considered for host family accommodation.<\/p>\n<p>Our host families are carefully selected. Many of them have worked with us for over 10 years. Some families can host up to 3 students providing accommodation of a very high standard in an environment that allows quality home living.<\/p>\n<p>Depending on the distance from school and the age of the student, host families can be asked to take care of the commute to and from VSA. Breakfast and dinner are provided by the host family.<\/p>\n<p>Fees for accommodation are paid directly to the host family. Student family and host family determine conditions of stay whether weekly\/termly with weekends included.<\/p>\n<p>Supervised studies are also a possibility.<\/p>\n<\/div>\n<\/div><\/div><\/div><\/div><\/div>","protected":false},"excerpt":{"rendered":"<p>Aix-en-Provence, a stopping place on the road from Northern France to Italy, draws its origin, its name and, to an extent , its reputation, from its thermal springs. It began as the capital of Provence under the successive rule of the Celts, the Romans, the courts and the Monarchs, until 1790, when it became merely [&hellip;]<\/p>\n","protected":false},"author":3,"featured_media":0,"parent":347,"menu_order":1,"comment_status":"closed","ping_status":"closed","template":"","meta":{"footnotes":""},"class_list":["post-350","page","type-page","status-publish","hentry","post"],"yoast_head":"<!-- This site is optimized with the Yoast SEO plugin v27.3 - https:\/\/yoast.com\/product\/yoast-seo-wordpress\/ -->\n<title>General Informations - \u00c9cole Priv\u00e9 Val Saint Andr\u00e9<\/title>\n<meta name=\"robots\" content=\"index, follow, max-snippet:-1, max-image-preview:large, max-video-preview:-1\" \/>\n<link rel=\"canonical\" href=\"https:\/\/ecole-val-saint-andre.fr\/en\/\" \/>\n<meta property=\"og:locale\" content=\"en_US\" \/>\n<meta property=\"og:type\" content=\"article\" \/>\n<meta property=\"og:title\" content=\"General Informations - \u00c9cole Priv\u00e9 Val Saint Andr\u00e9\" \/>\n<meta property=\"og:description\" content=\"Aix-en-Provence, a stopping place on the road from Northern France to Italy, draws its origin, its name and, to an extent , its reputation, from its thermal springs. It began as the capital of Provence under the successive rule of the Celts, the Romans, the courts and the Monarchs, until 1790, when it became merely [&hellip;]\" \/>\n<meta property=\"og:url\" content=\"https:\/\/ecole-val-saint-andre.fr\/en\/\" \/>\n<meta property=\"og:site_name\" content=\"\u00c9cole Priv\u00e9 Val Saint Andr\u00e9\" \/>\n<meta property=\"article:modified_time\" content=\"2025-12-02T15:11:55+00:00\" \/>\n<meta property=\"og:image\" content=\"https:\/\/ecole-val-saint-andre.fr\/wp-content\/uploads\/2025\/11\/KIDS-Club_650x318.jpg\" \/>\n<meta name=\"twitter:card\" content=\"summary_large_image\" \/>\n<script type=\"application\/ld+json\" class=\"yoast-schema-graph\">{\"@context\":\"https:\\\/\\\/schema.org\",\"@graph\":[{\"@type\":\"WebPage\",\"@id\":\"https:\\\/\\\/ecole-val-saint-andre.fr\\\/en\\\/\",\"url\":\"https:\\\/\\\/ecole-val-saint-andre.fr\\\/en\\\/\",\"name\":\"General Informations - \u00c9cole Priv\u00e9 Val Saint Andr\u00e9\",\"isPartOf\":{\"@id\":\"https:\\\/\\\/ecole-val-saint-andre.fr\\\/en\\\/#website\"},\"primaryImageOfPage\":{\"@id\":\"https:\\\/\\\/ecole-val-saint-andre.fr\\\/en\\\/#primaryimage\"},\"image\":{\"@id\":\"https:\\\/\\\/ecole-val-saint-andre.fr\\\/en\\\/#primaryimage\"},\"thumbnailUrl\":\"https:\\\/\\\/ecole-val-saint-andre.fr\\\/wp-content\\\/uploads\\\/2025\\\/11\\\/KIDS-Club_650x318.jpg\",\"datePublished\":\"2021-04-15T11:58:25+00:00\",\"dateModified\":\"2025-12-02T15:11:55+00:00\",\"breadcrumb\":{\"@id\":\"https:\\\/\\\/ecole-val-saint-andre.fr\\\/en\\\/#breadcrumb\"},\"inLanguage\":\"en-US\",\"potentialAction\":[{\"@type\":\"ReadAction\",\"target\":[\"https:\\\/\\\/ecole-val-saint-andre.fr\\\/en\\\/\"]}]},{\"@type\":\"ImageObject\",\"inLanguage\":\"en-US\",\"@id\":\"https:\\\/\\\/ecole-val-saint-andre.fr\\\/en\\\/#primaryimage\",\"url\":\"https:\\\/\\\/ecole-val-saint-andre.fr\\\/wp-content\\\/uploads\\\/2025\\\/11\\\/KIDS-Club_650x318.jpg\",\"contentUrl\":\"https:\\\/\\\/ecole-val-saint-andre.fr\\\/wp-content\\\/uploads\\\/2025\\\/11\\\/KIDS-Club_650x318.jpg\"},{\"@type\":\"BreadcrumbList\",\"@id\":\"https:\\\/\\\/ecole-val-saint-andre.fr\\\/en\\\/#breadcrumb\",\"itemListElement\":[{\"@type\":\"ListItem\",\"position\":1,\"name\":\"Accueil\",\"item\":\"https:\\\/\\\/ecole-val-saint-andre.fr\\\/en\\\/\"},{\"@type\":\"ListItem\",\"position\":2,\"name\":\"The School\",\"item\":\"https:\\\/\\\/ecole-val-saint-andre.fr\\\/en\\\/the-school\\\/\"},{\"@type\":\"ListItem\",\"position\":3,\"name\":\"General Informations\"}]},{\"@type\":\"WebSite\",\"@id\":\"https:\\\/\\\/ecole-val-saint-andre.fr\\\/en\\\/#website\",\"url\":\"https:\\\/\\\/ecole-val-saint-andre.fr\\\/en\\\/\",\"name\":\"\u00c9cole Priv\u00e9 Val Saint Andr\u00e9\",\"description\":\"\",\"publisher\":{\"@id\":\"https:\\\/\\\/ecole-val-saint-andre.fr\\\/en\\\/#organization\"},\"potentialAction\":[{\"@type\":\"SearchAction\",\"target\":{\"@type\":\"EntryPoint\",\"urlTemplate\":\"https:\\\/\\\/ecole-val-saint-andre.fr\\\/en\\\/?s={search_term_string}\"},\"query-input\":{\"@type\":\"PropertyValueSpecification\",\"valueRequired\":true,\"valueName\":\"search_term_string\"}}],\"inLanguage\":\"en-US\"},{\"@type\":\"Organization\",\"@id\":\"https:\\\/\\\/ecole-val-saint-andre.fr\\\/en\\\/#organization\",\"name\":\"\u00c9cole Priv\u00e9 Val Saint Andr\u00e9\",\"url\":\"https:\\\/\\\/ecole-val-saint-andre.fr\\\/en\\\/\",\"logo\":{\"@type\":\"ImageObject\",\"inLanguage\":\"en-US\",\"@id\":\"https:\\\/\\\/ecole-val-saint-andre.fr\\\/en\\\/#\\\/schema\\\/logo\\\/image\\\/\",\"url\":\"https:\\\/\\\/i0.wp.com\\\/ecole-val-saint-andre.fr\\\/wp-content\\\/uploads\\\/2021\\\/04\\\/logo.png?fit=200%2C165&ssl=1\",\"contentUrl\":\"https:\\\/\\\/i0.wp.com\\\/ecole-val-saint-andre.fr\\\/wp-content\\\/uploads\\\/2021\\\/04\\\/logo.png?fit=200%2C165&ssl=1\",\"width\":200,\"height\":165,\"caption\":\"\u00c9cole Priv\u00e9 Val Saint Andr\u00e9\"},\"image\":{\"@id\":\"https:\\\/\\\/ecole-val-saint-andre.fr\\\/en\\\/#\\\/schema\\\/logo\\\/image\\\/\"}}]}<\/script>\n<!-- \/ Yoast SEO plugin. -->","yoast_head_json":{"title":"General Informations - \u00c9cole Priv\u00e9 Val Saint Andr\u00e9","robots":{"index":"index","follow":"follow","max-snippet":"max-snippet:-1","max-image-preview":"max-image-preview:large","max-video-preview":"max-video-preview:-1"},"canonical":"https:\/\/ecole-val-saint-andre.fr\/en\/","og_locale":"en_US","og_type":"article","og_title":"General Informations - \u00c9cole Priv\u00e9 Val Saint Andr\u00e9","og_description":"Aix-en-Provence, a stopping place on the road from Northern France to Italy, draws its origin, its name and, to an extent , its reputation, from its thermal springs. It began as the capital of Provence under the successive rule of the Celts, the Romans, the courts and the Monarchs, until 1790, when it became merely [&hellip;]","og_url":"https:\/\/ecole-val-saint-andre.fr\/en\/","og_site_name":"\u00c9cole Priv\u00e9 Val Saint Andr\u00e9","article_modified_time":"2025-12-02T15:11:55+00:00","og_image":[{"url":"https:\/\/ecole-val-saint-andre.fr\/wp-content\/uploads\/2025\/11\/KIDS-Club_650x318.jpg","type":"","width":"","height":""}],"twitter_card":"summary_large_image","schema":{"@context":"https:\/\/schema.org","@graph":[{"@type":"WebPage","@id":"https:\/\/ecole-val-saint-andre.fr\/en\/","url":"https:\/\/ecole-val-saint-andre.fr\/en\/","name":"General Informations - \u00c9cole Priv\u00e9 Val Saint Andr\u00e9","isPartOf":{"@id":"https:\/\/ecole-val-saint-andre.fr\/en\/#website"},"primaryImageOfPage":{"@id":"https:\/\/ecole-val-saint-andre.fr\/en\/#primaryimage"},"image":{"@id":"https:\/\/ecole-val-saint-andre.fr\/en\/#primaryimage"},"thumbnailUrl":"https:\/\/ecole-val-saint-andre.fr\/wp-content\/uploads\/2025\/11\/KIDS-Club_650x318.jpg","datePublished":"2021-04-15T11:58:25+00:00","dateModified":"2025-12-02T15:11:55+00:00","breadcrumb":{"@id":"https:\/\/ecole-val-saint-andre.fr\/en\/#breadcrumb"},"inLanguage":"en-US","potentialAction":[{"@type":"ReadAction","target":["https:\/\/ecole-val-saint-andre.fr\/en\/"]}]},{"@type":"ImageObject","inLanguage":"en-US","@id":"https:\/\/ecole-val-saint-andre.fr\/en\/#primaryimage","url":"https:\/\/ecole-val-saint-andre.fr\/wp-content\/uploads\/2025\/11\/KIDS-Club_650x318.jpg","contentUrl":"https:\/\/ecole-val-saint-andre.fr\/wp-content\/uploads\/2025\/11\/KIDS-Club_650x318.jpg"},{"@type":"BreadcrumbList","@id":"https:\/\/ecole-val-saint-andre.fr\/en\/#breadcrumb","itemListElement":[{"@type":"ListItem","position":1,"name":"Accueil","item":"https:\/\/ecole-val-saint-andre.fr\/en\/"},{"@type":"ListItem","position":2,"name":"The School","item":"https:\/\/ecole-val-saint-andre.fr\/en\/the-school\/"},{"@type":"ListItem","position":3,"name":"General Informations"}]},{"@type":"WebSite","@id":"https:\/\/ecole-val-saint-andre.fr\/en\/#website","url":"https:\/\/ecole-val-saint-andre.fr\/en\/","name":"\u00c9cole Priv\u00e9 Val Saint Andr\u00e9","description":"","publisher":{"@id":"https:\/\/ecole-val-saint-andre.fr\/en\/#organization"},"potentialAction":[{"@type":"SearchAction","target":{"@type":"EntryPoint","urlTemplate":"https:\/\/ecole-val-saint-andre.fr\/en\/?s={search_term_string}"},"query-input":{"@type":"PropertyValueSpecification","valueRequired":true,"valueName":"search_term_string"}}],"inLanguage":"en-US"},{"@type":"Organization","@id":"https:\/\/ecole-val-saint-andre.fr\/en\/#organization","name":"\u00c9cole Priv\u00e9 Val Saint Andr\u00e9","url":"https:\/\/ecole-val-saint-andre.fr\/en\/","logo":{"@type":"ImageObject","inLanguage":"en-US","@id":"https:\/\/ecole-val-saint-andre.fr\/en\/#\/schema\/logo\/image\/","url":"https:\/\/i0.wp.com\/ecole-val-saint-andre.fr\/wp-content\/uploads\/2021\/04\/logo.png?fit=200%2C165&ssl=1","contentUrl":"https:\/\/i0.wp.com\/ecole-val-saint-andre.fr\/wp-content\/uploads\/2021\/04\/logo.png?fit=200%2C165&ssl=1","width":200,"height":165,"caption":"\u00c9cole Priv\u00e9 Val Saint Andr\u00e9"},"image":{"@id":"https:\/\/ecole-val-saint-andre.fr\/en\/#\/schema\/logo\/image\/"}}]}},"jetpack_sharing_enabled":true,"_links":{"self":[{"href":"https:\/\/ecole-val-saint-andre.fr\/en\/wp-json\/wp\/v2\/pages\/350","targetHints":{"allow":["GET"]}}],"collection":[{"href":"https:\/\/ecole-val-saint-andre.fr\/en\/wp-json\/wp\/v2\/pages"}],"about":[{"href":"https:\/\/ecole-val-saint-andre.fr\/en\/wp-json\/wp\/v2\/types\/page"}],"author":[{"embeddable":true,"href":"https:\/\/ecole-val-saint-andre.fr\/en\/wp-json\/wp\/v2\/users\/3"}],"replies":[{"embeddable":true,"href":"https:\/\/ecole-val-saint-andre.fr\/en\/wp-json\/wp\/v2\/comments?post=350"}],"version-history":[{"count":38,"href":"https:\/\/ecole-val-saint-andre.fr\/en\/wp-json\/wp\/v2\/pages\/350\/revisions"}],"predecessor-version":[{"id":1853,"href":"https:\/\/ecole-val-saint-andre.fr\/en\/wp-json\/wp\/v2\/pages\/350\/revisions\/1853"}],"up":[{"embeddable":true,"href":"https:\/\/ecole-val-saint-andre.fr\/en\/wp-json\/wp\/v2\/pages\/347"}],"wp:attachment":[{"href":"https:\/\/ecole-val-saint-andre.fr\/en\/wp-json\/wp\/v2\/media?parent=350"}],"curies":[{"name":"wp","href":"https:\/\/api.w.org\/{rel}","templated":true}]}}