{"id":356,"date":"2021-04-15T14:00:53","date_gmt":"2021-04-15T12:00:53","guid":{"rendered":"https:\/\/ecole-val-saint-andre.fr\/?page_id=356"},"modified":"2025-05-05T16:38:32","modified_gmt":"2025-05-05T14:38:32","slug":"primary-classes","status":"publish","type":"page","link":"https:\/\/ecole-val-saint-andre.fr\/en\/the-school\/primary-classes\/","title":{"rendered":"Primary classes"},"content":{"rendered":"<div id=\"pl-356\"  class=\"panel-layout\" ><div id=\"pg-356-0\"  class=\"panel-grid panel-no-style\" ><div id=\"pgc-356-0-0\"  class=\"panel-grid-cell\" ><div id=\"panel-356-0-0-0\" class=\"so-panel widget widget_sow-editor panel-first-child\" data-index=\"0\" ><div\n\t\t\t\n\t\t\tclass=\"so-widget-sow-editor so-widget-sow-editor-base\"\n\t\t\t\n\t\t><h3 class=\"widget-title\">CP \u2013 CE1 \u2013 CE2 \u2013 CM1 \u2013 CM2<\/h3>\n<div class=\"siteorigin-widget-tinymce textwidget\">\n\t<p>De l\u2019\u00e2ge de 6 ans \u00e0 10 ans<\/p>\n<\/div>\n<\/div><\/div><div id=\"panel-356-0-0-1\" class=\"so-panel widget widget_sow-editor\" data-index=\"1\" ><div\n\t\t\t\n\t\t\tclass=\"so-widget-sow-editor so-widget-sow-editor-base\"\n\t\t\t\n\t\t><h3 class=\"widget-title\">Les horaires<\/h3>\n<div class=\"siteorigin-widget-tinymce textwidget\">\n\t<p>Les Cours se d\u00e9roulent le Lundi, Mardi, Jeudi et Vendredi de 8h30 \u00e0 16h30<\/p>\n<p>R\u00e9ception possible des enfants par les enseignantes \u00e0 partir de 7h45 jusqu\u2019\u00e0 8h30 ( ateliers cr\u00e9atifs, comtes\u2026 ).<\/p>\n<\/div>\n<\/div><\/div><div id=\"panel-356-0-0-2\" class=\"so-panel widget widget_sow-editor\" data-index=\"2\" ><div\n\t\t\t\n\t\t\tclass=\"so-widget-sow-editor so-widget-sow-editor-base\"\n\t\t\t\n\t\t><h3 class=\"widget-title\">Les effectifs<\/h3>\n<div class=\"siteorigin-widget-tinymce textwidget\">\n\t<p>Programme de l\u2019\u00e9ducation nationale respect\u00e9 plus six heures d\u2019Anglais assur\u00e9es par une enseignante Anglophone.<\/p>\n<p>Accompagnement particulier en Fran\u00e7ais pour les \u00e9l\u00e8ves anglophones ( groupe d\u2019environ quatre \u00e9l\u00e8ves ).<\/p>\n<p>Sorties Culturelles et l\u2019option th\u00e9\u00e2tre et danse sont assur\u00e9es dans le cursus scolaire.<\/p>\n<p>3 heures de sports par semaine : tennis, athl\u00e9tisme, \u2026<\/p>\n<p>\u00c9tude et ateliers cr\u00e9atifs dirig\u00e9s par les professeurs de 16h30 \u00e0 17h30.<\/p>\n<p>Nouveaut\u00e9 : Cr\u00e9ation d\u2019un jardin \u00ab Bio \u00bb puis cr\u00e9ation d\u2019un atelier cuisine.<\/p>\n<p>Relaxation : sophrologie et marche m\u00e9ditative.<\/p>\n<p>Parrainage d\u2019un nouvel \u00e9l\u00e8ve et accompagnement par un enfant d\u00e9j\u00e0 scolaris\u00e9 \u00e0 l\u2019\u00e9cole VSA.<\/p>\n<p>Examen d\u2019anglais A1 , \u00ab Movers \u00bb et Flyers \u00bb \u2013 Examen de Cambridge.<\/p>\n<\/div>\n<\/div><\/div><div id=\"panel-356-0-0-3\" class=\"so-panel widget widget_sow-editor panel-last-child\" data-index=\"3\" ><div\n\t\t\t\n\t\t\tclass=\"so-widget-sow-editor so-widget-sow-editor-base\"\n\t\t\t\n\t\t><h3 class=\"widget-title\">Les \u00e9v\u00e9nements durant l'ann\u00e9e scolaire<\/h3>\n<div class=\"siteorigin-widget-tinymce textwidget\">\n\t<ul>\n<li>Septembre \u2192 la rentr\u00e9e<\/li>\n<li>Octobre \u2192 Halloween et la semaine du go\u00fbt<\/li>\n<li>Novembre \u2192 le cross country<\/li>\n<li>D\u00e9cembre pr\u00e9paration du spectacle de no\u00ebl<\/li>\n<li>Janvier \u2192 \u00e9piphanie<\/li>\n<li>F\u00e9vrier \u2192 mardi gras<\/li>\n<li>Mars \u2192 le carnaval<\/li>\n<li>Avril \u2192 p\u00e2ques<\/li>\n<li>Mai et Juin \u2192 pr\u00e9paration de la f\u00eate de fin d\u2019ann\u00e9e<\/li>\n<li>Juin \u2192 kermesse et sorties culture et loisirs<\/li>\n<\/ul>\n<\/div>\n<\/div><\/div><\/div><\/div><\/div>","protected":false},"excerpt":{"rendered":"<p>De l\u2019\u00e2ge de 6 ans \u00e0 10 ans Les Cours se d\u00e9roulent le Lundi, Mardi, Jeudi et Vendredi de 8h30 \u00e0 16h30 R\u00e9ception possible des enfants par les enseignantes \u00e0 partir de 7h45 jusqu\u2019\u00e0 8h30 ( ateliers cr\u00e9atifs, comtes\u2026 ). Programme de l\u2019\u00e9ducation nationale respect\u00e9 plus six heures d\u2019Anglais assur\u00e9es par une enseignante Anglophone. Accompagnement [&hellip;]<\/p>\n","protected":false},"author":3,"featured_media":0,"parent":347,"menu_order":4,"comment_status":"closed","ping_status":"closed","template":"","meta":{"footnotes":""},"class_list":["post-356","page","type-page","status-publish","hentry","post"],"yoast_head":"<!-- This site is optimized with the Yoast SEO plugin v27.3 - https:\/\/yoast.com\/product\/yoast-seo-wordpress\/ -->\n<title>Primary classes - \u00c9cole Priv\u00e9 Val Saint Andr\u00e9<\/title>\n<meta name=\"robots\" content=\"index, follow, max-snippet:-1, max-image-preview:large, max-video-preview:-1\" \/>\n<link rel=\"canonical\" href=\"https:\/\/ecole-val-saint-andre.fr\/en\/the-school\/primary-classes\/\" \/>\n<meta property=\"og:locale\" content=\"en_US\" \/>\n<meta property=\"og:type\" content=\"article\" \/>\n<meta property=\"og:title\" content=\"Primary classes - \u00c9cole Priv\u00e9 Val Saint Andr\u00e9\" \/>\n<meta property=\"og:description\" content=\"De l\u2019\u00e2ge de 6 ans \u00e0 10 ans Les Cours se d\u00e9roulent le Lundi, Mardi, Jeudi et Vendredi de 8h30 \u00e0 16h30 R\u00e9ception possible des enfants par les enseignantes \u00e0 partir de 7h45 jusqu\u2019\u00e0 8h30 ( ateliers cr\u00e9atifs, comtes\u2026 ). Programme de l\u2019\u00e9ducation nationale respect\u00e9 plus six heures d\u2019Anglais assur\u00e9es par une enseignante Anglophone. Accompagnement [&hellip;]\" \/>\n<meta property=\"og:url\" content=\"https:\/\/ecole-val-saint-andre.fr\/en\/the-school\/primary-classes\/\" \/>\n<meta property=\"og:site_name\" content=\"\u00c9cole Priv\u00e9 Val Saint Andr\u00e9\" \/>\n<meta property=\"article:modified_time\" content=\"2025-05-05T14:38:32+00:00\" \/>\n<meta name=\"twitter:card\" content=\"summary_large_image\" \/>\n<meta name=\"twitter:label1\" content=\"Est. reading time\" \/>\n\t<meta name=\"twitter:data1\" content=\"1 minute\" \/>\n<script type=\"application\/ld+json\" class=\"yoast-schema-graph\">{\"@context\":\"https:\\\/\\\/schema.org\",\"@graph\":[{\"@type\":\"WebPage\",\"@id\":\"https:\\\/\\\/ecole-val-saint-andre.fr\\\/en\\\/the-school\\\/primary-classes\\\/\",\"url\":\"https:\\\/\\\/ecole-val-saint-andre.fr\\\/en\\\/the-school\\\/primary-classes\\\/\",\"name\":\"Primary classes - \u00c9cole Priv\u00e9 Val Saint Andr\u00e9\",\"isPartOf\":{\"@id\":\"https:\\\/\\\/ecole-val-saint-andre.fr\\\/en\\\/#website\"},\"datePublished\":\"2021-04-15T12:00:53+00:00\",\"dateModified\":\"2025-05-05T14:38:32+00:00\",\"breadcrumb\":{\"@id\":\"https:\\\/\\\/ecole-val-saint-andre.fr\\\/en\\\/the-school\\\/primary-classes\\\/#breadcrumb\"},\"inLanguage\":\"en-US\",\"potentialAction\":[{\"@type\":\"ReadAction\",\"target\":[\"https:\\\/\\\/ecole-val-saint-andre.fr\\\/en\\\/the-school\\\/primary-classes\\\/\"]}]},{\"@type\":\"BreadcrumbList\",\"@id\":\"https:\\\/\\\/ecole-val-saint-andre.fr\\\/en\\\/the-school\\\/primary-classes\\\/#breadcrumb\",\"itemListElement\":[{\"@type\":\"ListItem\",\"position\":1,\"name\":\"Accueil\",\"item\":\"https:\\\/\\\/ecole-val-saint-andre.fr\\\/en\\\/\"},{\"@type\":\"ListItem\",\"position\":2,\"name\":\"The School\",\"item\":\"https:\\\/\\\/ecole-val-saint-andre.fr\\\/en\\\/the-school\\\/\"},{\"@type\":\"ListItem\",\"position\":3,\"name\":\"Primary classes\"}]},{\"@type\":\"WebSite\",\"@id\":\"https:\\\/\\\/ecole-val-saint-andre.fr\\\/en\\\/#website\",\"url\":\"https:\\\/\\\/ecole-val-saint-andre.fr\\\/en\\\/\",\"name\":\"\u00c9cole Priv\u00e9 Val Saint Andr\u00e9\",\"description\":\"\",\"publisher\":{\"@id\":\"https:\\\/\\\/ecole-val-saint-andre.fr\\\/en\\\/#organization\"},\"potentialAction\":[{\"@type\":\"SearchAction\",\"target\":{\"@type\":\"EntryPoint\",\"urlTemplate\":\"https:\\\/\\\/ecole-val-saint-andre.fr\\\/en\\\/?s={search_term_string}\"},\"query-input\":{\"@type\":\"PropertyValueSpecification\",\"valueRequired\":true,\"valueName\":\"search_term_string\"}}],\"inLanguage\":\"en-US\"},{\"@type\":\"Organization\",\"@id\":\"https:\\\/\\\/ecole-val-saint-andre.fr\\\/en\\\/#organization\",\"name\":\"\u00c9cole Priv\u00e9 Val Saint Andr\u00e9\",\"url\":\"https:\\\/\\\/ecole-val-saint-andre.fr\\\/en\\\/\",\"logo\":{\"@type\":\"ImageObject\",\"inLanguage\":\"en-US\",\"@id\":\"https:\\\/\\\/ecole-val-saint-andre.fr\\\/en\\\/#\\\/schema\\\/logo\\\/image\\\/\",\"url\":\"https:\\\/\\\/i0.wp.com\\\/ecole-val-saint-andre.fr\\\/wp-content\\\/uploads\\\/2021\\\/04\\\/logo.png?fit=200%2C165&ssl=1\",\"contentUrl\":\"https:\\\/\\\/i0.wp.com\\\/ecole-val-saint-andre.fr\\\/wp-content\\\/uploads\\\/2021\\\/04\\\/logo.png?fit=200%2C165&ssl=1\",\"width\":200,\"height\":165,\"caption\":\"\u00c9cole Priv\u00e9 Val Saint Andr\u00e9\"},\"image\":{\"@id\":\"https:\\\/\\\/ecole-val-saint-andre.fr\\\/en\\\/#\\\/schema\\\/logo\\\/image\\\/\"}}]}<\/script>\n<!-- \/ Yoast SEO plugin. -->","yoast_head_json":{"title":"Primary classes - \u00c9cole Priv\u00e9 Val Saint Andr\u00e9","robots":{"index":"index","follow":"follow","max-snippet":"max-snippet:-1","max-image-preview":"max-image-preview:large","max-video-preview":"max-video-preview:-1"},"canonical":"https:\/\/ecole-val-saint-andre.fr\/en\/the-school\/primary-classes\/","og_locale":"en_US","og_type":"article","og_title":"Primary classes - \u00c9cole Priv\u00e9 Val Saint Andr\u00e9","og_description":"De l\u2019\u00e2ge de 6 ans \u00e0 10 ans Les Cours se d\u00e9roulent le Lundi, Mardi, Jeudi et Vendredi de 8h30 \u00e0 16h30 R\u00e9ception possible des enfants par les enseignantes \u00e0 partir de 7h45 jusqu\u2019\u00e0 8h30 ( ateliers cr\u00e9atifs, comtes\u2026 ). Programme de l\u2019\u00e9ducation nationale respect\u00e9 plus six heures d\u2019Anglais assur\u00e9es par une enseignante Anglophone. Accompagnement [&hellip;]","og_url":"https:\/\/ecole-val-saint-andre.fr\/en\/the-school\/primary-classes\/","og_site_name":"\u00c9cole Priv\u00e9 Val Saint Andr\u00e9","article_modified_time":"2025-05-05T14:38:32+00:00","twitter_card":"summary_large_image","twitter_misc":{"Est. reading time":"1 minute"},"schema":{"@context":"https:\/\/schema.org","@graph":[{"@type":"WebPage","@id":"https:\/\/ecole-val-saint-andre.fr\/en\/the-school\/primary-classes\/","url":"https:\/\/ecole-val-saint-andre.fr\/en\/the-school\/primary-classes\/","name":"Primary classes - \u00c9cole Priv\u00e9 Val Saint Andr\u00e9","isPartOf":{"@id":"https:\/\/ecole-val-saint-andre.fr\/en\/#website"},"datePublished":"2021-04-15T12:00:53+00:00","dateModified":"2025-05-05T14:38:32+00:00","breadcrumb":{"@id":"https:\/\/ecole-val-saint-andre.fr\/en\/the-school\/primary-classes\/#breadcrumb"},"inLanguage":"en-US","potentialAction":[{"@type":"ReadAction","target":["https:\/\/ecole-val-saint-andre.fr\/en\/the-school\/primary-classes\/"]}]},{"@type":"BreadcrumbList","@id":"https:\/\/ecole-val-saint-andre.fr\/en\/the-school\/primary-classes\/#breadcrumb","itemListElement":[{"@type":"ListItem","position":1,"name":"Accueil","item":"https:\/\/ecole-val-saint-andre.fr\/en\/"},{"@type":"ListItem","position":2,"name":"The School","item":"https:\/\/ecole-val-saint-andre.fr\/en\/the-school\/"},{"@type":"ListItem","position":3,"name":"Primary classes"}]},{"@type":"WebSite","@id":"https:\/\/ecole-val-saint-andre.fr\/en\/#website","url":"https:\/\/ecole-val-saint-andre.fr\/en\/","name":"\u00c9cole Priv\u00e9 Val Saint Andr\u00e9","description":"","publisher":{"@id":"https:\/\/ecole-val-saint-andre.fr\/en\/#organization"},"potentialAction":[{"@type":"SearchAction","target":{"@type":"EntryPoint","urlTemplate":"https:\/\/ecole-val-saint-andre.fr\/en\/?s={search_term_string}"},"query-input":{"@type":"PropertyValueSpecification","valueRequired":true,"valueName":"search_term_string"}}],"inLanguage":"en-US"},{"@type":"Organization","@id":"https:\/\/ecole-val-saint-andre.fr\/en\/#organization","name":"\u00c9cole Priv\u00e9 Val Saint Andr\u00e9","url":"https:\/\/ecole-val-saint-andre.fr\/en\/","logo":{"@type":"ImageObject","inLanguage":"en-US","@id":"https:\/\/ecole-val-saint-andre.fr\/en\/#\/schema\/logo\/image\/","url":"https:\/\/i0.wp.com\/ecole-val-saint-andre.fr\/wp-content\/uploads\/2021\/04\/logo.png?fit=200%2C165&ssl=1","contentUrl":"https:\/\/i0.wp.com\/ecole-val-saint-andre.fr\/wp-content\/uploads\/2021\/04\/logo.png?fit=200%2C165&ssl=1","width":200,"height":165,"caption":"\u00c9cole Priv\u00e9 Val Saint Andr\u00e9"},"image":{"@id":"https:\/\/ecole-val-saint-andre.fr\/en\/#\/schema\/logo\/image\/"}}]}},"jetpack_sharing_enabled":true,"_links":{"self":[{"href":"https:\/\/ecole-val-saint-andre.fr\/en\/wp-json\/wp\/v2\/pages\/356","targetHints":{"allow":["GET"]}}],"collection":[{"href":"https:\/\/ecole-val-saint-andre.fr\/en\/wp-json\/wp\/v2\/pages"}],"about":[{"href":"https:\/\/ecole-val-saint-andre.fr\/en\/wp-json\/wp\/v2\/types\/page"}],"author":[{"embeddable":true,"href":"https:\/\/ecole-val-saint-andre.fr\/en\/wp-json\/wp\/v2\/users\/3"}],"replies":[{"embeddable":true,"href":"https:\/\/ecole-val-saint-andre.fr\/en\/wp-json\/wp\/v2\/comments?post=356"}],"version-history":[{"count":8,"href":"https:\/\/ecole-val-saint-andre.fr\/en\/wp-json\/wp\/v2\/pages\/356\/revisions"}],"predecessor-version":[{"id":1569,"href":"https:\/\/ecole-val-saint-andre.fr\/en\/wp-json\/wp\/v2\/pages\/356\/revisions\/1569"}],"up":[{"embeddable":true,"href":"https:\/\/ecole-val-saint-andre.fr\/en\/wp-json\/wp\/v2\/pages\/347"}],"wp:attachment":[{"href":"https:\/\/ecole-val-saint-andre.fr\/en\/wp-json\/wp\/v2\/media?parent=356"}],"curies":[{"name":"wp","href":"https:\/\/api.w.org\/{rel}","templated":true}]}}