{"id":389,"date":"2021-04-15T23:17:47","date_gmt":"2021-04-15T21:17:47","guid":{"rendered":"https:\/\/ecole-val-saint-andre.fr\/projet-pedagogique\/enseignement-propose\/"},"modified":"2025-07-31T19:23:51","modified_gmt":"2025-07-31T17:23:51","slug":"educational-project","status":"publish","type":"page","link":"https:\/\/ecole-val-saint-andre.fr\/en\/pedagogical-project\/educational-project\/","title":{"rendered":"Educational Project"},"content":{"rendered":"<div id=\"pl-389\"  class=\"panel-layout\" ><div id=\"pg-389-0\"  class=\"panel-grid panel-no-style\" ><div id=\"pgc-389-0-0\"  class=\"panel-grid-cell\" ><div id=\"panel-389-0-0-0\" class=\"so-panel widget widget_sow-editor panel-first-child panel-last-child\" data-index=\"0\" ><div\n\t\t\t\n\t\t\tclass=\"so-widget-sow-editor so-widget-sow-editor-base\"\n\t\t\t\n\t\t><h3 class=\"widget-title\">Educational Project<\/h3>\n<div class=\"siteorigin-widget-tinymce textwidget\">\n\t<h3>Bilingual Section French \/ English<\/h3>\n<p>From the classe of 6\u00e8me onwards pupils can follow up to nine hours of English per week. While at the same time following the tradional French curriculum.<\/p>\n<p>Pupils prepare the Cambridge International exams at the following levels :<\/p>\n<ul>\n<li>Movers and flyers<\/li>\n<li>Key Englsih test ( KET )<\/li>\n<li>Prelimanary Englsih test ( PET )<\/li>\n<li>First certificate ( FCE )<img loading=\"lazy\" decoding=\"async\" class=\"alignright size-full wp-image-2778\" src=\"file:\/\/\/C:\/Users\/didier\/Downloads\/2%20-%20Pedagogical%20Project\/Educational%20project_fichiers\/crbst_diplome-bac-general-s.html\" alt=\"crbst_diplome-bac-general-s\" width=\"168\" height=\"118\" \/><\/li>\n<li>Certificat in advenced English ( CAE )<\/li>\n<li>Certificat of proficiency in English ( CPE )<\/li>\n<\/ul>\n<p>Pupils can follow two extra hours of History and Geography taught entirely in English.<\/p>\n<p><strong>BACCALAUREAT GENERAL<\/strong> with Certificate in Advanced English (CAE) or Certificate of Proficiency in English (CPE) ( Lycee up to Terminale L \/ES \/S ) Possibility of work courses in small French companies for senior school pupils.<\/p>\n<p><strong>FRENCH \u201cBREVET DES COLLEGES\u201d<\/strong> with First Certificate in English ( FCE ) ( Classe de 3e).<a href=\"https:\/\/web.archive.org\/web\/20201202002906\/https:\/\/ecole-val-saint-andre.fr\/wp-content\/uploads\/2015\/12\/crbst_Diplome_20national_20du_20brevet.jpg\" data-slb-active=\"1\" data-slb-asset=\"458716250\" data-slb-internal=\"0\" data-slb-group=\"2777\"><img loading=\"lazy\" decoding=\"async\" class=\"alignright wp-image-2780\" src=\"file:\/\/\/C:\/Users\/didier\/Downloads\/2%20-%20Pedagogical%20Project\/Educational%20project_fichiers\/crbst_Diplome_20national_20du_20brevet.html\" alt=\"crbst_Diplome_20national_20du_20brevet\" width=\"168\" height=\"118\" \/><\/a><\/p>\n<p><strong>PREPARATION FOR \u201cBrevet\u201d<\/strong> with Key English Test (KET) or Preliminary English Test (PET) (Classe de 4e ).<\/p>\n<p><strong>Traditional curriculum<\/strong> Cambridge \u201cmovers\u201d and \u201cflyers\u201d ( Classes de 5e et 6e ) * All programmes provide continuity for all curricula in the French language, and give access to higher education worldwide.<\/p>\n<h3>International Examinations Prepared<\/h3>\n<p><strong>INTERNATIONAL \u201cA\u201d LEVELS<\/strong> University Entrance Exams (IGCEA) maximum of three subjects from: English, French, Economics, Mathematics, Physics, Spanish, History and Geography.<\/p>\n<p><strong>International General Certificate of Secondary Education<\/strong> (IGCSE) minimum of six subjects from: English Language, English Literature, French, Economics, History, Geography, Spanish, Art, Mathematics and Science (Physics, Biology).<\/p>\n<p><strong>International Primary Cambridge Program<\/strong> Primary Cambridge Curriculum which includess the following subjects English, French, Math, Integrated Studies (History and Geography), Science, Sport and Creative Arts.<\/p>\n<p><strong>International Cambridge Ladybirds<\/strong> Wednesday morning classes for external students coming from French Primary School. Classes for Anglophone, Bilingual and Francophone students of Primary School age.<\/p>\n<p><strong>ALL CURRICULUM PROVIDES CONTINUITY IN THE ENGLISH LANGUAGE AND GIVES STUDENTS ACCESS TO HIGHER EDUCATION WORLDWIDE. <\/strong><\/p>\n<\/div>\n<\/div><\/div><\/div><\/div><\/div>","protected":false},"excerpt":{"rendered":"<p>Bilingual Section French \/ English From the classe of 6\u00e8me onwards pupils can follow up to nine hours of English per week. While at the same time following the tradional French curriculum. Pupils prepare the Cambridge International exams at the following levels : Movers and flyers Key Englsih test ( KET ) Prelimanary Englsih test [&hellip;]<\/p>\n","protected":false},"author":3,"featured_media":0,"parent":386,"menu_order":1,"comment_status":"closed","ping_status":"closed","template":"","meta":{"footnotes":""},"class_list":["post-389","page","type-page","status-publish","hentry","post"],"yoast_head":"<!-- This site is optimized with the Yoast SEO plugin v27.3 - https:\/\/yoast.com\/product\/yoast-seo-wordpress\/ -->\n<title>Educational Project - \u00c9cole Priv\u00e9 Val Saint Andr\u00e9<\/title>\n<meta name=\"robots\" content=\"index, follow, max-snippet:-1, max-image-preview:large, max-video-preview:-1\" \/>\n<link rel=\"canonical\" href=\"https:\/\/ecole-val-saint-andre.fr\/en\/pedagogical-project\/educational-project\/\" \/>\n<meta property=\"og:locale\" content=\"en_US\" \/>\n<meta property=\"og:type\" content=\"article\" \/>\n<meta property=\"og:title\" content=\"Educational Project - \u00c9cole Priv\u00e9 Val Saint Andr\u00e9\" \/>\n<meta property=\"og:description\" content=\"Bilingual Section French \/ English From the classe of 6\u00e8me onwards pupils can follow up to nine hours of English per week. While at the same time following the tradional French curriculum. Pupils prepare the Cambridge International exams at the following levels : Movers and flyers Key Englsih test ( KET ) Prelimanary Englsih test [&hellip;]\" \/>\n<meta property=\"og:url\" content=\"https:\/\/ecole-val-saint-andre.fr\/en\/pedagogical-project\/educational-project\/\" \/>\n<meta property=\"og:site_name\" content=\"\u00c9cole Priv\u00e9 Val Saint Andr\u00e9\" \/>\n<meta property=\"article:modified_time\" content=\"2025-07-31T17:23:51+00:00\" \/>\n<meta name=\"twitter:card\" content=\"summary_large_image\" \/>\n<meta name=\"twitter:label1\" content=\"Est. reading time\" \/>\n\t<meta name=\"twitter:data1\" content=\"2 minutes\" \/>\n<script type=\"application\/ld+json\" class=\"yoast-schema-graph\">{\"@context\":\"https:\\\/\\\/schema.org\",\"@graph\":[{\"@type\":\"WebPage\",\"@id\":\"https:\\\/\\\/ecole-val-saint-andre.fr\\\/en\\\/pedagogical-project\\\/educational-project\\\/\",\"url\":\"https:\\\/\\\/ecole-val-saint-andre.fr\\\/en\\\/pedagogical-project\\\/educational-project\\\/\",\"name\":\"Educational Project - \u00c9cole Priv\u00e9 Val Saint Andr\u00e9\",\"isPartOf\":{\"@id\":\"https:\\\/\\\/ecole-val-saint-andre.fr\\\/en\\\/#website\"},\"primaryImageOfPage\":{\"@id\":\"https:\\\/\\\/ecole-val-saint-andre.fr\\\/en\\\/pedagogical-project\\\/educational-project\\\/#primaryimage\"},\"image\":{\"@id\":\"https:\\\/\\\/ecole-val-saint-andre.fr\\\/en\\\/pedagogical-project\\\/educational-project\\\/#primaryimage\"},\"thumbnailUrl\":\"file:\\\/\\\/\\\/C:\\\/Users\\\/didier\\\/Downloads\\\/2%20-%20Pedagogical%20Project\\\/Educational%20project_fichiers\\\/crbst_diplome-bac-general-s.html\",\"datePublished\":\"2021-04-15T21:17:47+00:00\",\"dateModified\":\"2025-07-31T17:23:51+00:00\",\"breadcrumb\":{\"@id\":\"https:\\\/\\\/ecole-val-saint-andre.fr\\\/en\\\/pedagogical-project\\\/educational-project\\\/#breadcrumb\"},\"inLanguage\":\"en-US\",\"potentialAction\":[{\"@type\":\"ReadAction\",\"target\":[\"https:\\\/\\\/ecole-val-saint-andre.fr\\\/en\\\/pedagogical-project\\\/educational-project\\\/\"]}]},{\"@type\":\"ImageObject\",\"inLanguage\":\"en-US\",\"@id\":\"https:\\\/\\\/ecole-val-saint-andre.fr\\\/en\\\/pedagogical-project\\\/educational-project\\\/#primaryimage\",\"url\":\"file:\\\/\\\/\\\/C:\\\/Users\\\/didier\\\/Downloads\\\/2%20-%20Pedagogical%20Project\\\/Educational%20project_fichiers\\\/crbst_diplome-bac-general-s.html\",\"contentUrl\":\"file:\\\/\\\/\\\/C:\\\/Users\\\/didier\\\/Downloads\\\/2%20-%20Pedagogical%20Project\\\/Educational%20project_fichiers\\\/crbst_diplome-bac-general-s.html\"},{\"@type\":\"BreadcrumbList\",\"@id\":\"https:\\\/\\\/ecole-val-saint-andre.fr\\\/en\\\/pedagogical-project\\\/educational-project\\\/#breadcrumb\",\"itemListElement\":[{\"@type\":\"ListItem\",\"position\":1,\"name\":\"Accueil\",\"item\":\"https:\\\/\\\/ecole-val-saint-andre.fr\\\/en\\\/\"},{\"@type\":\"ListItem\",\"position\":2,\"name\":\"Pedagogical project\",\"item\":\"https:\\\/\\\/ecole-val-saint-andre.fr\\\/en\\\/pedagogical-project\\\/\"},{\"@type\":\"ListItem\",\"position\":3,\"name\":\"Educational Project\"}]},{\"@type\":\"WebSite\",\"@id\":\"https:\\\/\\\/ecole-val-saint-andre.fr\\\/en\\\/#website\",\"url\":\"https:\\\/\\\/ecole-val-saint-andre.fr\\\/en\\\/\",\"name\":\"\u00c9cole Priv\u00e9 Val Saint Andr\u00e9\",\"description\":\"\",\"publisher\":{\"@id\":\"https:\\\/\\\/ecole-val-saint-andre.fr\\\/en\\\/#organization\"},\"potentialAction\":[{\"@type\":\"SearchAction\",\"target\":{\"@type\":\"EntryPoint\",\"urlTemplate\":\"https:\\\/\\\/ecole-val-saint-andre.fr\\\/en\\\/?s={search_term_string}\"},\"query-input\":{\"@type\":\"PropertyValueSpecification\",\"valueRequired\":true,\"valueName\":\"search_term_string\"}}],\"inLanguage\":\"en-US\"},{\"@type\":\"Organization\",\"@id\":\"https:\\\/\\\/ecole-val-saint-andre.fr\\\/en\\\/#organization\",\"name\":\"\u00c9cole Priv\u00e9 Val Saint Andr\u00e9\",\"url\":\"https:\\\/\\\/ecole-val-saint-andre.fr\\\/en\\\/\",\"logo\":{\"@type\":\"ImageObject\",\"inLanguage\":\"en-US\",\"@id\":\"https:\\\/\\\/ecole-val-saint-andre.fr\\\/en\\\/#\\\/schema\\\/logo\\\/image\\\/\",\"url\":\"https:\\\/\\\/i0.wp.com\\\/ecole-val-saint-andre.fr\\\/wp-content\\\/uploads\\\/2021\\\/04\\\/logo.png?fit=200%2C165&ssl=1\",\"contentUrl\":\"https:\\\/\\\/i0.wp.com\\\/ecole-val-saint-andre.fr\\\/wp-content\\\/uploads\\\/2021\\\/04\\\/logo.png?fit=200%2C165&ssl=1\",\"width\":200,\"height\":165,\"caption\":\"\u00c9cole Priv\u00e9 Val Saint Andr\u00e9\"},\"image\":{\"@id\":\"https:\\\/\\\/ecole-val-saint-andre.fr\\\/en\\\/#\\\/schema\\\/logo\\\/image\\\/\"}}]}<\/script>\n<!-- \/ Yoast SEO plugin. -->","yoast_head_json":{"title":"Educational Project - \u00c9cole Priv\u00e9 Val Saint Andr\u00e9","robots":{"index":"index","follow":"follow","max-snippet":"max-snippet:-1","max-image-preview":"max-image-preview:large","max-video-preview":"max-video-preview:-1"},"canonical":"https:\/\/ecole-val-saint-andre.fr\/en\/pedagogical-project\/educational-project\/","og_locale":"en_US","og_type":"article","og_title":"Educational Project - \u00c9cole Priv\u00e9 Val Saint Andr\u00e9","og_description":"Bilingual Section French \/ English From the classe of 6\u00e8me onwards pupils can follow up to nine hours of English per week. While at the same time following the tradional French curriculum. Pupils prepare the Cambridge International exams at the following levels : Movers and flyers Key Englsih test ( KET ) Prelimanary Englsih test [&hellip;]","og_url":"https:\/\/ecole-val-saint-andre.fr\/en\/pedagogical-project\/educational-project\/","og_site_name":"\u00c9cole Priv\u00e9 Val Saint Andr\u00e9","article_modified_time":"2025-07-31T17:23:51+00:00","twitter_card":"summary_large_image","twitter_misc":{"Est. reading time":"2 minutes"},"schema":{"@context":"https:\/\/schema.org","@graph":[{"@type":"WebPage","@id":"https:\/\/ecole-val-saint-andre.fr\/en\/pedagogical-project\/educational-project\/","url":"https:\/\/ecole-val-saint-andre.fr\/en\/pedagogical-project\/educational-project\/","name":"Educational Project - \u00c9cole Priv\u00e9 Val Saint Andr\u00e9","isPartOf":{"@id":"https:\/\/ecole-val-saint-andre.fr\/en\/#website"},"primaryImageOfPage":{"@id":"https:\/\/ecole-val-saint-andre.fr\/en\/pedagogical-project\/educational-project\/#primaryimage"},"image":{"@id":"https:\/\/ecole-val-saint-andre.fr\/en\/pedagogical-project\/educational-project\/#primaryimage"},"thumbnailUrl":"file:\/\/\/C:\/Users\/didier\/Downloads\/2%20-%20Pedagogical%20Project\/Educational%20project_fichiers\/crbst_diplome-bac-general-s.html","datePublished":"2021-04-15T21:17:47+00:00","dateModified":"2025-07-31T17:23:51+00:00","breadcrumb":{"@id":"https:\/\/ecole-val-saint-andre.fr\/en\/pedagogical-project\/educational-project\/#breadcrumb"},"inLanguage":"en-US","potentialAction":[{"@type":"ReadAction","target":["https:\/\/ecole-val-saint-andre.fr\/en\/pedagogical-project\/educational-project\/"]}]},{"@type":"ImageObject","inLanguage":"en-US","@id":"https:\/\/ecole-val-saint-andre.fr\/en\/pedagogical-project\/educational-project\/#primaryimage","url":"file:\/\/\/C:\/Users\/didier\/Downloads\/2%20-%20Pedagogical%20Project\/Educational%20project_fichiers\/crbst_diplome-bac-general-s.html","contentUrl":"file:\/\/\/C:\/Users\/didier\/Downloads\/2%20-%20Pedagogical%20Project\/Educational%20project_fichiers\/crbst_diplome-bac-general-s.html"},{"@type":"BreadcrumbList","@id":"https:\/\/ecole-val-saint-andre.fr\/en\/pedagogical-project\/educational-project\/#breadcrumb","itemListElement":[{"@type":"ListItem","position":1,"name":"Accueil","item":"https:\/\/ecole-val-saint-andre.fr\/en\/"},{"@type":"ListItem","position":2,"name":"Pedagogical project","item":"https:\/\/ecole-val-saint-andre.fr\/en\/pedagogical-project\/"},{"@type":"ListItem","position":3,"name":"Educational Project"}]},{"@type":"WebSite","@id":"https:\/\/ecole-val-saint-andre.fr\/en\/#website","url":"https:\/\/ecole-val-saint-andre.fr\/en\/","name":"\u00c9cole Priv\u00e9 Val Saint Andr\u00e9","description":"","publisher":{"@id":"https:\/\/ecole-val-saint-andre.fr\/en\/#organization"},"potentialAction":[{"@type":"SearchAction","target":{"@type":"EntryPoint","urlTemplate":"https:\/\/ecole-val-saint-andre.fr\/en\/?s={search_term_string}"},"query-input":{"@type":"PropertyValueSpecification","valueRequired":true,"valueName":"search_term_string"}}],"inLanguage":"en-US"},{"@type":"Organization","@id":"https:\/\/ecole-val-saint-andre.fr\/en\/#organization","name":"\u00c9cole Priv\u00e9 Val Saint Andr\u00e9","url":"https:\/\/ecole-val-saint-andre.fr\/en\/","logo":{"@type":"ImageObject","inLanguage":"en-US","@id":"https:\/\/ecole-val-saint-andre.fr\/en\/#\/schema\/logo\/image\/","url":"https:\/\/i0.wp.com\/ecole-val-saint-andre.fr\/wp-content\/uploads\/2021\/04\/logo.png?fit=200%2C165&ssl=1","contentUrl":"https:\/\/i0.wp.com\/ecole-val-saint-andre.fr\/wp-content\/uploads\/2021\/04\/logo.png?fit=200%2C165&ssl=1","width":200,"height":165,"caption":"\u00c9cole Priv\u00e9 Val Saint Andr\u00e9"},"image":{"@id":"https:\/\/ecole-val-saint-andre.fr\/en\/#\/schema\/logo\/image\/"}}]}},"jetpack_sharing_enabled":true,"_links":{"self":[{"href":"https:\/\/ecole-val-saint-andre.fr\/en\/wp-json\/wp\/v2\/pages\/389","targetHints":{"allow":["GET"]}}],"collection":[{"href":"https:\/\/ecole-val-saint-andre.fr\/en\/wp-json\/wp\/v2\/pages"}],"about":[{"href":"https:\/\/ecole-val-saint-andre.fr\/en\/wp-json\/wp\/v2\/types\/page"}],"author":[{"embeddable":true,"href":"https:\/\/ecole-val-saint-andre.fr\/en\/wp-json\/wp\/v2\/users\/3"}],"replies":[{"embeddable":true,"href":"https:\/\/ecole-val-saint-andre.fr\/en\/wp-json\/wp\/v2\/comments?post=389"}],"version-history":[{"count":4,"href":"https:\/\/ecole-val-saint-andre.fr\/en\/wp-json\/wp\/v2\/pages\/389\/revisions"}],"predecessor-version":[{"id":1605,"href":"https:\/\/ecole-val-saint-andre.fr\/en\/wp-json\/wp\/v2\/pages\/389\/revisions\/1605"}],"up":[{"embeddable":true,"href":"https:\/\/ecole-val-saint-andre.fr\/en\/wp-json\/wp\/v2\/pages\/386"}],"wp:attachment":[{"href":"https:\/\/ecole-val-saint-andre.fr\/en\/wp-json\/wp\/v2\/media?parent=389"}],"curies":[{"name":"wp","href":"https:\/\/api.w.org\/{rel}","templated":true}]}}