{"id":446,"date":"2021-11-23T05:13:28","date_gmt":"2021-11-23T04:13:28","guid":{"rendered":"https:\/\/ecole-val-saint-andre.fr\/lecole\/maternelles\/"},"modified":"2023-05-26T08:59:24","modified_gmt":"2023-05-26T06:59:24","slug":"preschool","status":"publish","type":"page","link":"https:\/\/ecole-val-saint-andre.fr\/en\/the-school\/preschool\/","title":{"rendered":"Preschool"},"content":{"rendered":"<div id=\"pl-446\"  class=\"panel-layout\" ><div id=\"pg-446-0\"  class=\"panel-grid panel-no-style\" ><div id=\"pgc-446-0-0\"  class=\"panel-grid-cell\" ><div id=\"panel-446-0-0-0\" class=\"so-panel widget widget_sow-editor panel-first-child\" data-index=\"0\" ><div\n\t\t\t\n\t\t\tclass=\"so-widget-sow-editor so-widget-sow-editor-base\"\n\t\t\t\n\t\t>\n<div class=\"siteorigin-widget-tinymce textwidget\">\n\t<p><img data-recalc-dims=\"1\" loading=\"lazy\" decoding=\"async\" class=\"aligncenter wp-image-432 size-full\" src=\"https:\/\/i0.wp.com\/ecole-val-saint-andre.fr\/wp-content\/uploads\/2021\/11\/banniere_maternelles_900x245.jpg?resize=650%2C177&#038;ssl=1\" alt=\"banni\u00e8re classes maternelles de l'\u00e9cole Val-Saint-Andr\u00e9 \u00e0 Aix-en-Provence \" width=\"650\" height=\"177\" srcset=\"https:\/\/i0.wp.com\/ecole-val-saint-andre.fr\/wp-content\/uploads\/2021\/11\/banniere_maternelles_900x245.jpg?w=900&amp;ssl=1 900w, https:\/\/i0.wp.com\/ecole-val-saint-andre.fr\/wp-content\/uploads\/2021\/11\/banniere_maternelles_900x245.jpg?resize=300%2C82&amp;ssl=1 300w, https:\/\/i0.wp.com\/ecole-val-saint-andre.fr\/wp-content\/uploads\/2021\/11\/banniere_maternelles_900x245.jpg?resize=768%2C209&amp;ssl=1 768w, https:\/\/i0.wp.com\/ecole-val-saint-andre.fr\/wp-content\/uploads\/2021\/11\/banniere_maternelles_900x245.jpg?resize=650%2C177&amp;ssl=1 650w\" sizes=\"auto, (max-width: 650px) 100vw, 650px\" \/><\/p>\n<\/div>\n<\/div><\/div><div id=\"panel-446-0-0-1\" class=\"so-panel widget widget_sow-editor\" data-index=\"1\" ><div\n\t\t\t\n\t\t\tclass=\"so-widget-sow-editor so-widget-sow-editor-base\"\n\t\t\t\n\t\t>\n<div class=\"siteorigin-widget-tinymce textwidget\">\n\t<p class=\"x_x_ContentPasted1\">Our intention is to do everything possible to offer a high quality and caring teaching in a calm and structured environment.<\/p>\n<p class=\"x_x_ContentPasted1\">Our main aims are to develop curiosity in our pupils and allow them to gain confidence in themselves.<\/p>\n<p class=\"x_x_ContentPasted1\">In order to do this, we have to be able to adapt and to respect the values of sharing and exchange.<\/p>\n<p class=\"x_x_ContentPasted1\">Only a good awareness of the needs of each child who is in our care will enable us to create a privileged relationship which will match the expectations of the families.<\/p>\n<\/div>\n<\/div><\/div><div id=\"panel-446-0-0-2\" class=\"so-panel widget widget_sow-editor\" data-index=\"2\" ><div\n\t\t\t\n\t\t\tclass=\"so-widget-sow-editor so-widget-sow-editor-base\"\n\t\t\t\n\t\t><h3 class=\"widget-title\">A typical nursery school day<\/h3>\n<div class=\"siteorigin-widget-tinymce textwidget\">\n\t<ul>\n<li>First year of nursery school \u2013 toute petite et petite section.<\/li>\n<li>Staggered arrivals<\/li>\n<li>Play time<\/li>\n<li>Start of day rituals (register, absents\/presents, the weather, activities\u2026)<\/li>\n<li>Activities<\/li>\n<li>Recreation<\/li>\n<li>Motricity<\/li>\n<li>Activities and reading<\/li>\n<li>Lunch time<\/li>\n<li>Afternoon nap<\/li>\n<li>Staggered wake up times and activities<\/li>\n<li>Recreation and snack<\/li>\n<li>End of day rituals - discussion about the day, songs, reading and preparation for home time<\/li>\n<li>Home time for pupils who do not stay in after school care.<\/li>\n<\/ul>\n<\/div>\n<\/div><\/div><div id=\"panel-446-0-0-3\" class=\"so-panel widget widget_sow-editor\" data-index=\"3\" ><div\n\t\t\t\n\t\t\tclass=\"so-widget-sow-editor so-widget-sow-editor-base\"\n\t\t\t\n\t\t><h3 class=\"widget-title\">Second year \u2013 Moyenne section<\/h3>\n<div class=\"siteorigin-widget-tinymce textwidget\">\n\t<ul>\n<li>Staggered arrivals<\/li>\n<li>Play time<\/li>\n<li>Start of day rituals (register, absents\/presents, the weather, activities\u2026)<\/li>\n<li>Activities<\/li>\n<li>Recreation<\/li>\n<li>Motricity<\/li>\n<li>Activities and reading<\/li>\n<li>Lunch time<\/li>\n<li>Recreation<\/li>\n<li>Quiet time<\/li>\n<li>Group activities on phonology, numeracy, writing (specific to the second year of nursery)<\/li>\n<li>Recreation and snack<\/li>\n<li>End of day rituals - discussion about the day, songs, reading and preparation for home time.<\/li>\n<li>Home time for the pupils who do not stay in after school care.<\/li>\n<\/ul>\n<\/div>\n<\/div><\/div><div id=\"panel-446-0-0-4\" class=\"so-panel widget widget_sow-editor\" data-index=\"4\" ><div\n\t\t\t\n\t\t\tclass=\"so-widget-sow-editor so-widget-sow-editor-base\"\n\t\t\t\n\t\t><h3 class=\"widget-title\">The school week<\/h3>\n<div class=\"siteorigin-widget-tinymce textwidget\">\n\t<ul>\n<li>Teaching will be both in French and in English.<\/li>\n<li>The week will be split between these two languages.<\/li>\n<li>Sporting, artistic and cultural activities\u2026<\/li>\n<li>Organic vegetable patch\u2026<\/li>\n<\/ul>\n<\/div>\n<\/div><\/div><div id=\"panel-446-0-0-5\" class=\"so-panel widget widget_sow-editor\" data-index=\"5\" ><div\n\t\t\t\n\t\t\tclass=\"so-widget-sow-editor so-widget-sow-editor-base\"\n\t\t\t\n\t\t><h3 class=\"widget-title\">School hours<\/h3>\n<div class=\"siteorigin-widget-tinymce textwidget\">\n\t<ul>\n<li>Classes are from 8.30am to 4.30pm.<\/li>\n<li>Pupils can be welcomed in before and after school care from 7.45am to 5.30pm or 6pm.<\/li>\n<li>After school care is included in the school fees and there is a small supplement for before school care.<\/li>\n<\/ul>\n<\/div>\n<\/div><\/div><div id=\"panel-446-0-0-6\" class=\"so-panel widget widget_sow-editor panel-last-child\" data-index=\"6\" ><div\n\t\t\t\n\t\t\tclass=\"so-widget-sow-editor so-widget-sow-editor-base\"\n\t\t\t\n\t\t>\n<div class=\"siteorigin-widget-tinymce textwidget\">\n\t<p><img data-recalc-dims=\"1\" loading=\"lazy\" decoding=\"async\" class=\"alignnone size-full wp-image-442 aligncenter\" src=\"https:\/\/i0.wp.com\/ecole-val-saint-andre.fr\/wp-content\/uploads\/2021\/11\/banniere_maternelles_bas_900x190.jpg?resize=650%2C137&#038;ssl=1\" alt=\"\" width=\"650\" height=\"137\" srcset=\"https:\/\/i0.wp.com\/ecole-val-saint-andre.fr\/wp-content\/uploads\/2021\/11\/banniere_maternelles_bas_900x190.jpg?w=900&amp;ssl=1 900w, https:\/\/i0.wp.com\/ecole-val-saint-andre.fr\/wp-content\/uploads\/2021\/11\/banniere_maternelles_bas_900x190.jpg?resize=300%2C63&amp;ssl=1 300w, https:\/\/i0.wp.com\/ecole-val-saint-andre.fr\/wp-content\/uploads\/2021\/11\/banniere_maternelles_bas_900x190.jpg?resize=768%2C162&amp;ssl=1 768w, https:\/\/i0.wp.com\/ecole-val-saint-andre.fr\/wp-content\/uploads\/2021\/11\/banniere_maternelles_bas_900x190.jpg?resize=650%2C137&amp;ssl=1 650w\" sizes=\"auto, (max-width: 650px) 100vw, 650px\" \/><\/p>\n<\/div>\n<\/div><\/div><\/div><\/div><\/div>","protected":false},"excerpt":{"rendered":"<p>Our intention is to do everything possible to offer a high quality and caring teaching in a calm and structured environment. Our main aims are to develop curiosity in our pupils and allow them to gain confidence in themselves. In order to do this, we have to be able to adapt and to respect the [&hellip;]<\/p>\n","protected":false},"author":3,"featured_media":0,"parent":347,"menu_order":3,"comment_status":"closed","ping_status":"closed","template":"","meta":{"footnotes":""},"class_list":["post-446","page","type-page","status-publish","hentry","post"],"yoast_head":"<!-- This site is optimized with the Yoast SEO plugin v27.4 - https:\/\/yoast.com\/product\/yoast-seo-wordpress\/ -->\n<title>Preschool - \u00c9cole Priv\u00e9 Val Saint Andr\u00e9<\/title>\n<meta name=\"robots\" content=\"index, follow, max-snippet:-1, max-image-preview:large, max-video-preview:-1\" \/>\n<link rel=\"canonical\" href=\"https:\/\/ecole-val-saint-andre.fr\/en\/the-school\/preschool\/\" \/>\n<meta property=\"og:locale\" content=\"en_US\" \/>\n<meta property=\"og:type\" content=\"article\" \/>\n<meta property=\"og:title\" content=\"Preschool - \u00c9cole Priv\u00e9 Val Saint Andr\u00e9\" \/>\n<meta property=\"og:description\" content=\"Our intention is to do everything possible to offer a high quality and caring teaching in a calm and structured environment. Our main aims are to develop curiosity in our pupils and allow them to gain confidence in themselves. In order to do this, we have to be able to adapt and to respect the [&hellip;]\" \/>\n<meta property=\"og:url\" content=\"https:\/\/ecole-val-saint-andre.fr\/en\/the-school\/preschool\/\" \/>\n<meta property=\"og:site_name\" content=\"\u00c9cole Priv\u00e9 Val Saint Andr\u00e9\" \/>\n<meta property=\"article:modified_time\" content=\"2023-05-26T06:59:24+00:00\" \/>\n<meta property=\"og:image\" content=\"https:\/\/ecole-val-saint-andre.fr\/wp-content\/uploads\/2021\/11\/banniere_maternelles_900x245.jpg\" \/>\n<meta name=\"twitter:card\" content=\"summary_large_image\" \/>\n<meta name=\"twitter:label1\" content=\"Est. reading time\" \/>\n\t<meta name=\"twitter:data1\" content=\"2 minutes\" \/>\n<script type=\"application\/ld+json\" class=\"yoast-schema-graph\">{\"@context\":\"https:\\\/\\\/schema.org\",\"@graph\":[{\"@type\":\"WebPage\",\"@id\":\"https:\\\/\\\/ecole-val-saint-andre.fr\\\/en\\\/the-school\\\/preschool\\\/\",\"url\":\"https:\\\/\\\/ecole-val-saint-andre.fr\\\/en\\\/the-school\\\/preschool\\\/\",\"name\":\"Preschool - \u00c9cole Priv\u00e9 Val Saint Andr\u00e9\",\"isPartOf\":{\"@id\":\"https:\\\/\\\/ecole-val-saint-andre.fr\\\/en\\\/#website\"},\"primaryImageOfPage\":{\"@id\":\"https:\\\/\\\/ecole-val-saint-andre.fr\\\/en\\\/the-school\\\/preschool\\\/#primaryimage\"},\"image\":{\"@id\":\"https:\\\/\\\/ecole-val-saint-andre.fr\\\/en\\\/the-school\\\/preschool\\\/#primaryimage\"},\"thumbnailUrl\":\"https:\\\/\\\/ecole-val-saint-andre.fr\\\/wp-content\\\/uploads\\\/2021\\\/11\\\/banniere_maternelles_900x245.jpg\",\"datePublished\":\"2021-11-23T04:13:28+00:00\",\"dateModified\":\"2023-05-26T06:59:24+00:00\",\"breadcrumb\":{\"@id\":\"https:\\\/\\\/ecole-val-saint-andre.fr\\\/en\\\/the-school\\\/preschool\\\/#breadcrumb\"},\"inLanguage\":\"en-US\",\"potentialAction\":[{\"@type\":\"ReadAction\",\"target\":[\"https:\\\/\\\/ecole-val-saint-andre.fr\\\/en\\\/the-school\\\/preschool\\\/\"]}]},{\"@type\":\"ImageObject\",\"inLanguage\":\"en-US\",\"@id\":\"https:\\\/\\\/ecole-val-saint-andre.fr\\\/en\\\/the-school\\\/preschool\\\/#primaryimage\",\"url\":\"https:\\\/\\\/ecole-val-saint-andre.fr\\\/wp-content\\\/uploads\\\/2021\\\/11\\\/banniere_maternelles_900x245.jpg\",\"contentUrl\":\"https:\\\/\\\/ecole-val-saint-andre.fr\\\/wp-content\\\/uploads\\\/2021\\\/11\\\/banniere_maternelles_900x245.jpg\"},{\"@type\":\"BreadcrumbList\",\"@id\":\"https:\\\/\\\/ecole-val-saint-andre.fr\\\/en\\\/the-school\\\/preschool\\\/#breadcrumb\",\"itemListElement\":[{\"@type\":\"ListItem\",\"position\":1,\"name\":\"Accueil\",\"item\":\"https:\\\/\\\/ecole-val-saint-andre.fr\\\/en\\\/\"},{\"@type\":\"ListItem\",\"position\":2,\"name\":\"The School\",\"item\":\"https:\\\/\\\/ecole-val-saint-andre.fr\\\/en\\\/the-school\\\/\"},{\"@type\":\"ListItem\",\"position\":3,\"name\":\"Preschool\"}]},{\"@type\":\"WebSite\",\"@id\":\"https:\\\/\\\/ecole-val-saint-andre.fr\\\/en\\\/#website\",\"url\":\"https:\\\/\\\/ecole-val-saint-andre.fr\\\/en\\\/\",\"name\":\"\u00c9cole Priv\u00e9 Val Saint Andr\u00e9\",\"description\":\"\",\"publisher\":{\"@id\":\"https:\\\/\\\/ecole-val-saint-andre.fr\\\/en\\\/#organization\"},\"potentialAction\":[{\"@type\":\"SearchAction\",\"target\":{\"@type\":\"EntryPoint\",\"urlTemplate\":\"https:\\\/\\\/ecole-val-saint-andre.fr\\\/en\\\/?s={search_term_string}\"},\"query-input\":{\"@type\":\"PropertyValueSpecification\",\"valueRequired\":true,\"valueName\":\"search_term_string\"}}],\"inLanguage\":\"en-US\"},{\"@type\":\"Organization\",\"@id\":\"https:\\\/\\\/ecole-val-saint-andre.fr\\\/en\\\/#organization\",\"name\":\"\u00c9cole Priv\u00e9 Val Saint Andr\u00e9\",\"url\":\"https:\\\/\\\/ecole-val-saint-andre.fr\\\/en\\\/\",\"logo\":{\"@type\":\"ImageObject\",\"inLanguage\":\"en-US\",\"@id\":\"https:\\\/\\\/ecole-val-saint-andre.fr\\\/en\\\/#\\\/schema\\\/logo\\\/image\\\/\",\"url\":\"https:\\\/\\\/i0.wp.com\\\/ecole-val-saint-andre.fr\\\/wp-content\\\/uploads\\\/2021\\\/04\\\/logo.png?fit=200%2C165&ssl=1\",\"contentUrl\":\"https:\\\/\\\/i0.wp.com\\\/ecole-val-saint-andre.fr\\\/wp-content\\\/uploads\\\/2021\\\/04\\\/logo.png?fit=200%2C165&ssl=1\",\"width\":200,\"height\":165,\"caption\":\"\u00c9cole Priv\u00e9 Val Saint Andr\u00e9\"},\"image\":{\"@id\":\"https:\\\/\\\/ecole-val-saint-andre.fr\\\/en\\\/#\\\/schema\\\/logo\\\/image\\\/\"}}]}<\/script>\n<!-- \/ Yoast SEO plugin. -->","yoast_head_json":{"title":"Preschool - \u00c9cole Priv\u00e9 Val Saint Andr\u00e9","robots":{"index":"index","follow":"follow","max-snippet":"max-snippet:-1","max-image-preview":"max-image-preview:large","max-video-preview":"max-video-preview:-1"},"canonical":"https:\/\/ecole-val-saint-andre.fr\/en\/the-school\/preschool\/","og_locale":"en_US","og_type":"article","og_title":"Preschool - \u00c9cole Priv\u00e9 Val Saint Andr\u00e9","og_description":"Our intention is to do everything possible to offer a high quality and caring teaching in a calm and structured environment. Our main aims are to develop curiosity in our pupils and allow them to gain confidence in themselves. In order to do this, we have to be able to adapt and to respect the [&hellip;]","og_url":"https:\/\/ecole-val-saint-andre.fr\/en\/the-school\/preschool\/","og_site_name":"\u00c9cole Priv\u00e9 Val Saint Andr\u00e9","article_modified_time":"2023-05-26T06:59:24+00:00","og_image":[{"url":"https:\/\/ecole-val-saint-andre.fr\/wp-content\/uploads\/2021\/11\/banniere_maternelles_900x245.jpg","type":"","width":"","height":""}],"twitter_card":"summary_large_image","twitter_misc":{"Est. reading time":"2 minutes"},"schema":{"@context":"https:\/\/schema.org","@graph":[{"@type":"WebPage","@id":"https:\/\/ecole-val-saint-andre.fr\/en\/the-school\/preschool\/","url":"https:\/\/ecole-val-saint-andre.fr\/en\/the-school\/preschool\/","name":"Preschool - \u00c9cole Priv\u00e9 Val Saint Andr\u00e9","isPartOf":{"@id":"https:\/\/ecole-val-saint-andre.fr\/en\/#website"},"primaryImageOfPage":{"@id":"https:\/\/ecole-val-saint-andre.fr\/en\/the-school\/preschool\/#primaryimage"},"image":{"@id":"https:\/\/ecole-val-saint-andre.fr\/en\/the-school\/preschool\/#primaryimage"},"thumbnailUrl":"https:\/\/ecole-val-saint-andre.fr\/wp-content\/uploads\/2021\/11\/banniere_maternelles_900x245.jpg","datePublished":"2021-11-23T04:13:28+00:00","dateModified":"2023-05-26T06:59:24+00:00","breadcrumb":{"@id":"https:\/\/ecole-val-saint-andre.fr\/en\/the-school\/preschool\/#breadcrumb"},"inLanguage":"en-US","potentialAction":[{"@type":"ReadAction","target":["https:\/\/ecole-val-saint-andre.fr\/en\/the-school\/preschool\/"]}]},{"@type":"ImageObject","inLanguage":"en-US","@id":"https:\/\/ecole-val-saint-andre.fr\/en\/the-school\/preschool\/#primaryimage","url":"https:\/\/ecole-val-saint-andre.fr\/wp-content\/uploads\/2021\/11\/banniere_maternelles_900x245.jpg","contentUrl":"https:\/\/ecole-val-saint-andre.fr\/wp-content\/uploads\/2021\/11\/banniere_maternelles_900x245.jpg"},{"@type":"BreadcrumbList","@id":"https:\/\/ecole-val-saint-andre.fr\/en\/the-school\/preschool\/#breadcrumb","itemListElement":[{"@type":"ListItem","position":1,"name":"Accueil","item":"https:\/\/ecole-val-saint-andre.fr\/en\/"},{"@type":"ListItem","position":2,"name":"The School","item":"https:\/\/ecole-val-saint-andre.fr\/en\/the-school\/"},{"@type":"ListItem","position":3,"name":"Preschool"}]},{"@type":"WebSite","@id":"https:\/\/ecole-val-saint-andre.fr\/en\/#website","url":"https:\/\/ecole-val-saint-andre.fr\/en\/","name":"\u00c9cole Priv\u00e9 Val Saint Andr\u00e9","description":"","publisher":{"@id":"https:\/\/ecole-val-saint-andre.fr\/en\/#organization"},"potentialAction":[{"@type":"SearchAction","target":{"@type":"EntryPoint","urlTemplate":"https:\/\/ecole-val-saint-andre.fr\/en\/?s={search_term_string}"},"query-input":{"@type":"PropertyValueSpecification","valueRequired":true,"valueName":"search_term_string"}}],"inLanguage":"en-US"},{"@type":"Organization","@id":"https:\/\/ecole-val-saint-andre.fr\/en\/#organization","name":"\u00c9cole Priv\u00e9 Val Saint Andr\u00e9","url":"https:\/\/ecole-val-saint-andre.fr\/en\/","logo":{"@type":"ImageObject","inLanguage":"en-US","@id":"https:\/\/ecole-val-saint-andre.fr\/en\/#\/schema\/logo\/image\/","url":"https:\/\/i0.wp.com\/ecole-val-saint-andre.fr\/wp-content\/uploads\/2021\/04\/logo.png?fit=200%2C165&ssl=1","contentUrl":"https:\/\/i0.wp.com\/ecole-val-saint-andre.fr\/wp-content\/uploads\/2021\/04\/logo.png?fit=200%2C165&ssl=1","width":200,"height":165,"caption":"\u00c9cole Priv\u00e9 Val Saint Andr\u00e9"},"image":{"@id":"https:\/\/ecole-val-saint-andre.fr\/en\/#\/schema\/logo\/image\/"}}]}},"jetpack_sharing_enabled":true,"_links":{"self":[{"href":"https:\/\/ecole-val-saint-andre.fr\/en\/wp-json\/wp\/v2\/pages\/446","targetHints":{"allow":["GET"]}}],"collection":[{"href":"https:\/\/ecole-val-saint-andre.fr\/en\/wp-json\/wp\/v2\/pages"}],"about":[{"href":"https:\/\/ecole-val-saint-andre.fr\/en\/wp-json\/wp\/v2\/types\/page"}],"author":[{"embeddable":true,"href":"https:\/\/ecole-val-saint-andre.fr\/en\/wp-json\/wp\/v2\/users\/3"}],"replies":[{"embeddable":true,"href":"https:\/\/ecole-val-saint-andre.fr\/en\/wp-json\/wp\/v2\/comments?post=446"}],"version-history":[{"count":4,"href":"https:\/\/ecole-val-saint-andre.fr\/en\/wp-json\/wp\/v2\/pages\/446\/revisions"}],"predecessor-version":[{"id":636,"href":"https:\/\/ecole-val-saint-andre.fr\/en\/wp-json\/wp\/v2\/pages\/446\/revisions\/636"}],"up":[{"embeddable":true,"href":"https:\/\/ecole-val-saint-andre.fr\/en\/wp-json\/wp\/v2\/pages\/347"}],"wp:attachment":[{"href":"https:\/\/ecole-val-saint-andre.fr\/en\/wp-json\/wp\/v2\/media?parent=446"}],"curies":[{"name":"wp","href":"https:\/\/api.w.org\/{rel}","templated":true}]}}